{"id":950595,"date":"2026-04-24T10:27:03","date_gmt":"2026-04-24T07:27:03","guid":{"rendered":"https:\/\/ventspils.citro.lv\/veikals\/majoneze-malpils-provansas-250g\/"},"modified":"2026-04-24T10:27:08","modified_gmt":"2026-04-24T07:27:08","slug":"majoneze-malpils-provansas-250g","status":"publish","type":"product","link":"https:\/\/ventspils.citro.lv\/ru\/veikals\/majoneze-malpils-provansas-250g\/","title":{"rendered":"Majon\u0113ze M\u0101lpils provansas 250g"},"content":{"rendered":"<p>Rap\u0161u e\u013c\u013ca, \u016bdens, cukurs, SAUSAIS V\u0100JPIENA PULVERIS, OLU DZELTENUMA PULVERIS, SINEPES, s\u0101ls, sk\u0101buma regul\u0113t\u0101ji (eti\u0137sk\u0101be, piensk\u0101be), emulgatori (gu\u0101ra sve\u0137i, ksant\u0101na sve\u0137i), konservants (k\u0101lija sorb\u0101ts)<\/p>\n","protected":false},"excerpt":{"rendered":"<p>5.16 \u20ac\/kg<\/p>\n","protected":false},"featured_media":1253076,"template":"","meta":{"_acf_changed":false,"inline_featured_image":false},"product_cat":[95,147],"product_tag":[],"acf":[],"aioseo_notices":[],"_links":{"self":[{"href":"https:\/\/ventspils.citro.lv\/ru\/wp-json\/wp\/v2\/product\/950595"}],"collection":[{"href":"https:\/\/ventspils.citro.lv\/ru\/wp-json\/wp\/v2\/product"}],"about":[{"href":"https:\/\/ventspils.citro.lv\/ru\/wp-json\/wp\/v2\/types\/product"}],"wp:featuredmedia":[{"embeddable":true,"href":"https:\/\/ventspils.citro.lv\/ru\/wp-json\/wp\/v2\/media\/1253076"}],"wp:attachment":[{"href":"https:\/\/ventspils.citro.lv\/ru\/wp-json\/wp\/v2\/media?parent=950595"}],"wp:term":[{"taxonomy":"product_cat","embeddable":true,"href":"https:\/\/ventspils.citro.lv\/ru\/wp-json\/wp\/v2\/product_cat?post=950595"},{"taxonomy":"product_tag","embeddable":true,"href":"https:\/\/ventspils.citro.lv\/ru\/wp-json\/wp\/v2\/product_tag?post=950595"}],"curies":[{"name":"wp","href":"https:\/\/api.w.org\/{rel}","templated":true}]}}