{"id":950592,"date":"2026-04-24T10:24:03","date_gmt":"2026-04-24T07:24:03","guid":{"rendered":"https:\/\/ventspils.citro.lv\/veikals\/konservi-kakiem-primacat-titara-gala-merce-85g\/"},"modified":"2026-04-24T10:24:12","modified_gmt":"2026-04-24T07:24:12","slug":"konservi-kakiem-primacat-titara-gala-merce-85g","status":"publish","type":"product","link":"https:\/\/ventspils.citro.lv\/ru\/veikals\/konservi-kakiem-primacat-titara-gala-merce-85g\/","title":{"rendered":"Konservi ka\u0137iem PrimaCat t\u012btara ga\u013ca m\u0113rc\u0113 85g"},"content":{"rendered":"","protected":false},"excerpt":{"rendered":"<p>0.93 \u20ac\/kg<\/p>\n","protected":false},"featured_media":1253065,"template":"","meta":{"_acf_changed":false,"inline_featured_image":false},"product_cat":[153,175],"product_tag":[],"acf":[],"aioseo_notices":[],"_links":{"self":[{"href":"https:\/\/ventspils.citro.lv\/ru\/wp-json\/wp\/v2\/product\/950592"}],"collection":[{"href":"https:\/\/ventspils.citro.lv\/ru\/wp-json\/wp\/v2\/product"}],"about":[{"href":"https:\/\/ventspils.citro.lv\/ru\/wp-json\/wp\/v2\/types\/product"}],"wp:featuredmedia":[{"embeddable":true,"href":"https:\/\/ventspils.citro.lv\/ru\/wp-json\/wp\/v2\/media\/1253065"}],"wp:attachment":[{"href":"https:\/\/ventspils.citro.lv\/ru\/wp-json\/wp\/v2\/media?parent=950592"}],"wp:term":[{"taxonomy":"product_cat","embeddable":true,"href":"https:\/\/ventspils.citro.lv\/ru\/wp-json\/wp\/v2\/product_cat?post=950592"},{"taxonomy":"product_tag","embeddable":true,"href":"https:\/\/ventspils.citro.lv\/ru\/wp-json\/wp\/v2\/product_tag?post=950592"}],"curies":[{"name":"wp","href":"https:\/\/api.w.org\/{rel}","templated":true}]}}