{"id":950591,"date":"2026-04-24T10:24:03","date_gmt":"2026-04-24T07:24:03","guid":{"rendered":"https:\/\/ventspils.citro.lv\/veikals\/konservi-kakiem-primacat-majputni-zeleja-85-g\/"},"modified":"2026-04-24T10:24:08","modified_gmt":"2026-04-24T07:24:08","slug":"konservi-kakiem-primacat-majputni-zeleja-85-g","status":"publish","type":"product","link":"https:\/\/ventspils.citro.lv\/ru\/veikals\/konservi-kakiem-primacat-majputni-zeleja-85-g\/","title":{"rendered":"Konservi ka\u0137iem PrimaCat m\u0101jputni \u017eelej\u0101 85 g"},"content":{"rendered":"","protected":false},"excerpt":{"rendered":"<p>0.93 \u20ac\/kg<\/p>\n","protected":false},"featured_media":1253064,"template":"","meta":{"_acf_changed":false,"inline_featured_image":false},"product_cat":[153,175],"product_tag":[],"acf":[],"aioseo_notices":[],"_links":{"self":[{"href":"https:\/\/ventspils.citro.lv\/ru\/wp-json\/wp\/v2\/product\/950591"}],"collection":[{"href":"https:\/\/ventspils.citro.lv\/ru\/wp-json\/wp\/v2\/product"}],"about":[{"href":"https:\/\/ventspils.citro.lv\/ru\/wp-json\/wp\/v2\/types\/product"}],"wp:featuredmedia":[{"embeddable":true,"href":"https:\/\/ventspils.citro.lv\/ru\/wp-json\/wp\/v2\/media\/1253064"}],"wp:attachment":[{"href":"https:\/\/ventspils.citro.lv\/ru\/wp-json\/wp\/v2\/media?parent=950591"}],"wp:term":[{"taxonomy":"product_cat","embeddable":true,"href":"https:\/\/ventspils.citro.lv\/ru\/wp-json\/wp\/v2\/product_cat?post=950591"},{"taxonomy":"product_tag","embeddable":true,"href":"https:\/\/ventspils.citro.lv\/ru\/wp-json\/wp\/v2\/product_tag?post=950591"}],"curies":[{"name":"wp","href":"https:\/\/api.w.org\/{rel}","templated":true}]}}