{"id":950590,"date":"2026-05-01T01:36:18","date_gmt":"2026-04-30T22:36:18","guid":{"rendered":"https:\/\/ventspils.citro.lv\/veikals\/zupa-knorr-cas-gulasa-ar-nudelem-16g\/"},"modified":"2026-05-01T01:36:32","modified_gmt":"2026-04-30T22:36:32","slug":"zupa-knorr-cas-gulasa-ar-nudelem-16g","status":"publish","type":"product","link":"https:\/\/ventspils.citro.lv\/ru\/veikals\/zupa-knorr-cas-gulasa-ar-nudelem-16g\/","title":{"rendered":"Zupa Knorr Cas gula\u0161a ar n\u016bdel\u0113m 16g"},"content":{"rendered":"","protected":false},"excerpt":{"rendered":"<p>46.88 \u20ac\/kg<\/p>\n","protected":false},"featured_media":1255406,"template":"","meta":{"_acf_changed":false,"inline_featured_image":false},"product_cat":[111,138],"product_tag":[],"acf":[],"aioseo_notices":[],"_links":{"self":[{"href":"https:\/\/ventspils.citro.lv\/ru\/wp-json\/wp\/v2\/product\/950590"}],"collection":[{"href":"https:\/\/ventspils.citro.lv\/ru\/wp-json\/wp\/v2\/product"}],"about":[{"href":"https:\/\/ventspils.citro.lv\/ru\/wp-json\/wp\/v2\/types\/product"}],"wp:featuredmedia":[{"embeddable":true,"href":"https:\/\/ventspils.citro.lv\/ru\/wp-json\/wp\/v2\/media\/1255406"}],"wp:attachment":[{"href":"https:\/\/ventspils.citro.lv\/ru\/wp-json\/wp\/v2\/media?parent=950590"}],"wp:term":[{"taxonomy":"product_cat","embeddable":true,"href":"https:\/\/ventspils.citro.lv\/ru\/wp-json\/wp\/v2\/product_cat?post=950590"},{"taxonomy":"product_tag","embeddable":true,"href":"https:\/\/ventspils.citro.lv\/ru\/wp-json\/wp\/v2\/product_tag?post=950590"}],"curies":[{"name":"wp","href":"https:\/\/api.w.org\/{rel}","templated":true}]}}