{"id":950556,"date":"2026-03-27T10:39:35","date_gmt":"2026-03-27T08:39:35","guid":{"rendered":"https:\/\/ventspils.citro.lv\/veikals\/kukuruzas-standzinas-karamelu-glazura-sver\/"},"modified":"2026-03-27T10:39:39","modified_gmt":"2026-03-27T08:39:39","slug":"kukuruzas-standzinas-karamelu-glazura-sver","status":"publish","type":"product","link":"https:\/\/ventspils.citro.lv\/ru\/veikals\/kukuruzas-standzinas-karamelu-glazura-sver\/","title":{"rendered":"Kukur\u016bzas standzi\u0146as karame\u013cu glaz\u016br\u0101 sver."},"content":{"rendered":"<p>Cukurs, augu rafin\u0113ti palmu tauki, kukur\u016bzas biezputra, s\u016bkalu pulveris, kakao ar samazin\u0101tu tauku saturu, emulgators: sojas lecit\u012bns, karame\u013cu aromatiz\u0113t\u0101js, s\u0101ls, kr\u0101sviela: E160b(I). Produkts var satur\u0113t olas, sezama s\u0113klas, valriekstus, zemesriekstus. 100g produkta satur: ener\u0123\u0113tisk\u0101 v\u0113rt\u012bba 2186kJ; tauki 29g, tostarp pies\u0101tin\u0101t\u0101s tauksk\u0101bes 23g, og\u013chidr\u0101ti 60g, tostarp cukuri 42g, olbaltumvielas 3,1g, s\u0101ls 0,06g.<\/p>\n","protected":false},"excerpt":{"rendered":"<p>7.99 \u20ac\/kg<\/p>\n","protected":false},"featured_media":1236611,"template":"","meta":{"_acf_changed":false,"inline_featured_image":false},"product_cat":[125,139],"product_tag":[],"acf":[],"aioseo_notices":[],"_links":{"self":[{"href":"https:\/\/ventspils.citro.lv\/ru\/wp-json\/wp\/v2\/product\/950556"}],"collection":[{"href":"https:\/\/ventspils.citro.lv\/ru\/wp-json\/wp\/v2\/product"}],"about":[{"href":"https:\/\/ventspils.citro.lv\/ru\/wp-json\/wp\/v2\/types\/product"}],"wp:featuredmedia":[{"embeddable":true,"href":"https:\/\/ventspils.citro.lv\/ru\/wp-json\/wp\/v2\/media\/1236611"}],"wp:attachment":[{"href":"https:\/\/ventspils.citro.lv\/ru\/wp-json\/wp\/v2\/media?parent=950556"}],"wp:term":[{"taxonomy":"product_cat","embeddable":true,"href":"https:\/\/ventspils.citro.lv\/ru\/wp-json\/wp\/v2\/product_cat?post=950556"},{"taxonomy":"product_tag","embeddable":true,"href":"https:\/\/ventspils.citro.lv\/ru\/wp-json\/wp\/v2\/product_tag?post=950556"}],"curies":[{"name":"wp","href":"https:\/\/api.w.org\/{rel}","templated":true}]}}