{"id":950531,"date":"2026-05-12T07:24:53","date_gmt":"2026-05-12T04:24:53","guid":{"rendered":"https:\/\/ventspils.citro.lv\/veikals\/kukuruzas-standzinas-balta-glazura-sver\/"},"modified":"2026-05-12T07:25:02","modified_gmt":"2026-05-12T04:25:02","slug":"kukuruzas-standzinas-balta-glazura-sver","status":"publish","type":"product","link":"https:\/\/ventspils.citro.lv\/ru\/veikals\/kukuruzas-standzinas-balta-glazura-sver\/","title":{"rendered":"Kukur\u016bzas standzi\u0146as balt\u0101 glaz\u016br\u0101 sver."},"content":{"rendered":"<p>Cukurs, augu rafin\u0113ti palmu tauki, kukur\u016bzas biezputra, s\u016bkalu pulveris, emulgators: sojas lecit\u012bns, s\u0101ls, aromatiz\u0113t\u0101js. Inform\u0101cija par uzturv\u0113rt\u012bbu 100g produkta satur: ener\u0123\u0113tisk\u0101 v\u0113rt\u012bba 2186kJ\/522kcal, tauki 29g, tostarp pies\u0101tin\u0101t\u0101s tauksk\u0101bes 23g, og\u013chidr\u0101ti 61g, tostarp cukuri 43g, olbaltumvielas 3g, s\u0101ls 0,06g.<\/p>\n","protected":false},"excerpt":{"rendered":"<p>7.99 \u20ac\/kg<\/p>\n","protected":false},"featured_media":1259660,"template":"","meta":{"_acf_changed":false,"inline_featured_image":false},"product_cat":[125,139],"product_tag":[],"acf":[],"aioseo_notices":[],"_links":{"self":[{"href":"https:\/\/ventspils.citro.lv\/ru\/wp-json\/wp\/v2\/product\/950531"}],"collection":[{"href":"https:\/\/ventspils.citro.lv\/ru\/wp-json\/wp\/v2\/product"}],"about":[{"href":"https:\/\/ventspils.citro.lv\/ru\/wp-json\/wp\/v2\/types\/product"}],"wp:featuredmedia":[{"embeddable":true,"href":"https:\/\/ventspils.citro.lv\/ru\/wp-json\/wp\/v2\/media\/1259660"}],"wp:attachment":[{"href":"https:\/\/ventspils.citro.lv\/ru\/wp-json\/wp\/v2\/media?parent=950531"}],"wp:term":[{"taxonomy":"product_cat","embeddable":true,"href":"https:\/\/ventspils.citro.lv\/ru\/wp-json\/wp\/v2\/product_cat?post=950531"},{"taxonomy":"product_tag","embeddable":true,"href":"https:\/\/ventspils.citro.lv\/ru\/wp-json\/wp\/v2\/product_tag?post=950531"}],"curies":[{"name":"wp","href":"https:\/\/api.w.org\/{rel}","templated":true}]}}