{"id":9473,"date":"2026-04-10T05:28:00","date_gmt":"2026-04-10T02:28:00","guid":{"rendered":"https:\/\/eveikals.citro.lv\/ventspils\/veikals\/sokolade-schogetten-black-white-100g\/"},"modified":"2026-04-10T05:28:04","modified_gmt":"2026-04-10T02:28:04","slug":"sokolade-schogetten-black-white-100g","status":"publish","type":"product","link":"https:\/\/ventspils.citro.lv\/ru\/veikals\/sokolade-schogetten-black-white-100g\/","title":{"rendered":"\u0160okol\u0101de Schogetten black &#038; white 100g"},"content":{"rendered":"<p>cukurs, augu tauki (palmu, \u0161\u012b), pilnpiena pulveris, kakao sviests, kakao masa, saldo s\u016bkalu pulveris (PIENS),  KR\u0112MA pulveris, KVIE\u0160U milti, Emulgators: Lecit\u012bni (SOJA); Aromatiz\u0113t\u0101ji, kakao ar samazin\u0101tu tauku saturu, LAKTOZE, KVIE\u0160U ciete, S\u0101ls,  C\u0113lin\u0101t\u0101ji: E500, E503.<\/p>\n","protected":false},"excerpt":{"rendered":"<p>24.90 \u20ac\/kg<\/p>\n","protected":false},"featured_media":1243114,"template":"","meta":{"_acf_changed":false,"inline_featured_image":false},"product_cat":[547,125],"product_tag":[],"acf":[],"aioseo_notices":[],"_links":{"self":[{"href":"https:\/\/ventspils.citro.lv\/ru\/wp-json\/wp\/v2\/product\/9473"}],"collection":[{"href":"https:\/\/ventspils.citro.lv\/ru\/wp-json\/wp\/v2\/product"}],"about":[{"href":"https:\/\/ventspils.citro.lv\/ru\/wp-json\/wp\/v2\/types\/product"}],"wp:featuredmedia":[{"embeddable":true,"href":"https:\/\/ventspils.citro.lv\/ru\/wp-json\/wp\/v2\/media\/1243114"}],"wp:attachment":[{"href":"https:\/\/ventspils.citro.lv\/ru\/wp-json\/wp\/v2\/media?parent=9473"}],"wp:term":[{"taxonomy":"product_cat","embeddable":true,"href":"https:\/\/ventspils.citro.lv\/ru\/wp-json\/wp\/v2\/product_cat?post=9473"},{"taxonomy":"product_tag","embeddable":true,"href":"https:\/\/ventspils.citro.lv\/ru\/wp-json\/wp\/v2\/product_tag?post=9473"}],"curies":[{"name":"wp","href":"https:\/\/api.w.org\/{rel}","templated":true}]}}