{"id":9460,"date":"2026-03-12T03:30:38","date_gmt":"2026-03-12T01:30:38","guid":{"rendered":"https:\/\/eveikals.citro.lv\/ventspils\/veikals\/nektars-prisma-kirsu-1l\/"},"modified":"2026-03-12T03:30:46","modified_gmt":"2026-03-12T01:30:46","slug":"nektars-prisma-kirsu-1l","status":"publish","type":"product","link":"https:\/\/ventspils.citro.lv\/ru\/veikals\/nektars-prisma-kirsu-1l\/","title":{"rendered":"Nekt\u0101rs Prisma \u0137ir\u0161u 1l"},"content":{"rendered":"","protected":false},"excerpt":{"rendered":"<p>2.49 \u20ac\/l<\/p>\n","protected":false},"featured_media":1223746,"template":"","meta":{"_acf_changed":false,"inline_featured_image":false},"product_cat":[106,124],"product_tag":[],"acf":[],"aioseo_notices":[],"_links":{"self":[{"href":"https:\/\/ventspils.citro.lv\/ru\/wp-json\/wp\/v2\/product\/9460"}],"collection":[{"href":"https:\/\/ventspils.citro.lv\/ru\/wp-json\/wp\/v2\/product"}],"about":[{"href":"https:\/\/ventspils.citro.lv\/ru\/wp-json\/wp\/v2\/types\/product"}],"wp:featuredmedia":[{"embeddable":true,"href":"https:\/\/ventspils.citro.lv\/ru\/wp-json\/wp\/v2\/media\/1223746"}],"wp:attachment":[{"href":"https:\/\/ventspils.citro.lv\/ru\/wp-json\/wp\/v2\/media?parent=9460"}],"wp:term":[{"taxonomy":"product_cat","embeddable":true,"href":"https:\/\/ventspils.citro.lv\/ru\/wp-json\/wp\/v2\/product_cat?post=9460"},{"taxonomy":"product_tag","embeddable":true,"href":"https:\/\/ventspils.citro.lv\/ru\/wp-json\/wp\/v2\/product_tag?post=9460"}],"curies":[{"name":"wp","href":"https:\/\/api.w.org\/{rel}","templated":true}]}}