{"id":9456,"date":"2026-03-27T06:27:02","date_gmt":"2026-03-27T04:27:02","guid":{"rendered":"https:\/\/eveikals.citro.lv\/ventspils\/veikals\/bariba-kakiem-one-sterilizetiem-800g\/"},"modified":"2026-03-27T06:27:18","modified_gmt":"2026-03-27T04:27:18","slug":"bariba-kakiem-one-sterilizetiem-800g","status":"publish","type":"product","link":"https:\/\/ventspils.citro.lv\/ru\/veikals\/bariba-kakiem-one-sterilizetiem-800g\/","title":{"rendered":"Bar\u012bba ka\u0137iem One steriliz\u0113tiem 800g"},"content":{"rendered":"","protected":false},"excerpt":{"rendered":"<p>6.61 \u20ac\/kg<\/p>\n","protected":false},"featured_media":1235601,"template":"","meta":{"_acf_changed":false,"inline_featured_image":false},"product_cat":[153,175],"product_tag":[],"acf":[],"aioseo_notices":[],"_links":{"self":[{"href":"https:\/\/ventspils.citro.lv\/ru\/wp-json\/wp\/v2\/product\/9456"}],"collection":[{"href":"https:\/\/ventspils.citro.lv\/ru\/wp-json\/wp\/v2\/product"}],"about":[{"href":"https:\/\/ventspils.citro.lv\/ru\/wp-json\/wp\/v2\/types\/product"}],"wp:featuredmedia":[{"embeddable":true,"href":"https:\/\/ventspils.citro.lv\/ru\/wp-json\/wp\/v2\/media\/1235601"}],"wp:attachment":[{"href":"https:\/\/ventspils.citro.lv\/ru\/wp-json\/wp\/v2\/media?parent=9456"}],"wp:term":[{"taxonomy":"product_cat","embeddable":true,"href":"https:\/\/ventspils.citro.lv\/ru\/wp-json\/wp\/v2\/product_cat?post=9456"},{"taxonomy":"product_tag","embeddable":true,"href":"https:\/\/ventspils.citro.lv\/ru\/wp-json\/wp\/v2\/product_tag?post=9456"}],"curies":[{"name":"wp","href":"https:\/\/api.w.org\/{rel}","templated":true}]}}