{"id":9451,"date":"2026-05-12T04:57:27","date_gmt":"2026-05-12T01:57:27","guid":{"rendered":"https:\/\/eveikals.citro.lv\/ventspils\/veikals\/bariba-kakiem-purina-one-vista-pilngraudu-kviesi-800g\/"},"modified":"2026-05-12T04:57:32","modified_gmt":"2026-05-12T01:57:32","slug":"bariba-kakiem-purina-one-vista-pilngraudu-kviesi-800g","status":"publish","type":"product","link":"https:\/\/ventspils.citro.lv\/ru\/veikals\/bariba-kakiem-purina-one-vista-pilngraudu-kviesi-800g\/","title":{"rendered":"Bar\u012bba ka\u0137iem Purina One vista, pilngraudu kvie\u0161i 800g"},"content":{"rendered":"","protected":false},"excerpt":{"rendered":"<p>8.11 \u20ac\/kg<\/p>\n","protected":false},"featured_media":1258970,"template":"","meta":{"_acf_changed":false,"inline_featured_image":false},"product_cat":[153,175],"product_tag":[],"acf":[],"aioseo_notices":[],"_links":{"self":[{"href":"https:\/\/ventspils.citro.lv\/ru\/wp-json\/wp\/v2\/product\/9451"}],"collection":[{"href":"https:\/\/ventspils.citro.lv\/ru\/wp-json\/wp\/v2\/product"}],"about":[{"href":"https:\/\/ventspils.citro.lv\/ru\/wp-json\/wp\/v2\/types\/product"}],"wp:featuredmedia":[{"embeddable":true,"href":"https:\/\/ventspils.citro.lv\/ru\/wp-json\/wp\/v2\/media\/1258970"}],"wp:attachment":[{"href":"https:\/\/ventspils.citro.lv\/ru\/wp-json\/wp\/v2\/media?parent=9451"}],"wp:term":[{"taxonomy":"product_cat","embeddable":true,"href":"https:\/\/ventspils.citro.lv\/ru\/wp-json\/wp\/v2\/product_cat?post=9451"},{"taxonomy":"product_tag","embeddable":true,"href":"https:\/\/ventspils.citro.lv\/ru\/wp-json\/wp\/v2\/product_tag?post=9451"}],"curies":[{"name":"wp","href":"https:\/\/api.w.org\/{rel}","templated":true}]}}