{"id":944830,"date":"2026-05-12T08:03:13","date_gmt":"2026-05-12T05:03:13","guid":{"rendered":"https:\/\/ventspils.citro.lv\/veikals\/siera-uzkoda-jaunpils-kauset-kupunata-150g\/"},"modified":"2026-05-12T08:03:22","modified_gmt":"2026-05-12T05:03:22","slug":"siera-uzkoda-jaunpils-kauset-kupinata-150g","status":"publish","type":"product","link":"https:\/\/ventspils.citro.lv\/ru\/veikals\/siera-uzkoda-jaunpils-kauset-kupinata-150g\/","title":{"rendered":"Siera uzkoda Jaunpils kaus\u0113t. k\u016bpin\u0101ta 150g"},"content":{"rendered":"","protected":false},"excerpt":{"rendered":"<p>13.27 \u20ac\/kg<\/p>\n","protected":false},"featured_media":1259817,"template":"","meta":{"_acf_changed":false,"inline_featured_image":false},"product_cat":[95,225],"product_tag":[],"acf":[],"aioseo_notices":[],"_links":{"self":[{"href":"https:\/\/ventspils.citro.lv\/ru\/wp-json\/wp\/v2\/product\/944830"}],"collection":[{"href":"https:\/\/ventspils.citro.lv\/ru\/wp-json\/wp\/v2\/product"}],"about":[{"href":"https:\/\/ventspils.citro.lv\/ru\/wp-json\/wp\/v2\/types\/product"}],"wp:featuredmedia":[{"embeddable":true,"href":"https:\/\/ventspils.citro.lv\/ru\/wp-json\/wp\/v2\/media\/1259817"}],"wp:attachment":[{"href":"https:\/\/ventspils.citro.lv\/ru\/wp-json\/wp\/v2\/media?parent=944830"}],"wp:term":[{"taxonomy":"product_cat","embeddable":true,"href":"https:\/\/ventspils.citro.lv\/ru\/wp-json\/wp\/v2\/product_cat?post=944830"},{"taxonomy":"product_tag","embeddable":true,"href":"https:\/\/ventspils.citro.lv\/ru\/wp-json\/wp\/v2\/product_tag?post=944830"}],"curies":[{"name":"wp","href":"https:\/\/api.w.org\/{rel}","templated":true}]}}