{"id":944816,"date":"2026-04-24T10:33:26","date_gmt":"2026-04-24T07:33:26","guid":{"rendered":"https:\/\/ventspils.citro.lv\/veikals\/stoveti-kaposti-ar-kup-skinki-500g\/"},"modified":"2026-04-24T10:33:31","modified_gmt":"2026-04-24T07:33:31","slug":"stoveti-kaposti-ar-kup-skinki-500g","status":"publish","type":"product","link":"https:\/\/ventspils.citro.lv\/ru\/veikals\/stoveti-kaposti-ar-kup-skinki-500g\/","title":{"rendered":"\u0160tov\u0113ti k\u0101posti ar k\u016bp. \u0161\u0137i\u0146\u0137i 500g"},"content":{"rendered":"","protected":false},"excerpt":{"rendered":"<p>5.18 \u20ac\/kg<\/p>\n","protected":false},"featured_media":1253105,"template":"","meta":{"_acf_changed":false,"inline_featured_image":false},"product_cat":[97,159],"product_tag":[],"acf":[],"aioseo_notices":[],"_links":{"self":[{"href":"https:\/\/ventspils.citro.lv\/ru\/wp-json\/wp\/v2\/product\/944816"}],"collection":[{"href":"https:\/\/ventspils.citro.lv\/ru\/wp-json\/wp\/v2\/product"}],"about":[{"href":"https:\/\/ventspils.citro.lv\/ru\/wp-json\/wp\/v2\/types\/product"}],"wp:featuredmedia":[{"embeddable":true,"href":"https:\/\/ventspils.citro.lv\/ru\/wp-json\/wp\/v2\/media\/1253105"}],"wp:attachment":[{"href":"https:\/\/ventspils.citro.lv\/ru\/wp-json\/wp\/v2\/media?parent=944816"}],"wp:term":[{"taxonomy":"product_cat","embeddable":true,"href":"https:\/\/ventspils.citro.lv\/ru\/wp-json\/wp\/v2\/product_cat?post=944816"},{"taxonomy":"product_tag","embeddable":true,"href":"https:\/\/ventspils.citro.lv\/ru\/wp-json\/wp\/v2\/product_tag?post=944816"}],"curies":[{"name":"wp","href":"https:\/\/api.w.org\/{rel}","templated":true}]}}