{"id":944742,"date":"2026-04-24T10:21:46","date_gmt":"2026-04-24T07:21:46","guid":{"rendered":"https:\/\/ventspils.citro.lv\/veikals\/buljons-maggi-vistas-ar-dillem-un-petersiliem-80g\/"},"modified":"2026-04-24T10:21:54","modified_gmt":"2026-04-24T07:21:54","slug":"buljons-maggi-vistas-ar-dillem-un-petersiliem-80g","status":"publish","type":"product","link":"https:\/\/ventspils.citro.lv\/ru\/veikals\/buljons-maggi-vistas-ar-dillem-un-petersiliem-80g\/","title":{"rendered":"Buljons Maggi vistas ar dill\u0113m un p\u0113ters\u012b\u013ciem 80g"},"content":{"rendered":"","protected":false},"excerpt":{"rendered":"<p>12.38 \u20ac\/kg<\/p>\n","protected":false},"featured_media":1253061,"template":"","meta":{"_acf_changed":false,"inline_featured_image":false},"product_cat":[111,112],"product_tag":[],"acf":[],"aioseo_notices":[],"_links":{"self":[{"href":"https:\/\/ventspils.citro.lv\/ru\/wp-json\/wp\/v2\/product\/944742"}],"collection":[{"href":"https:\/\/ventspils.citro.lv\/ru\/wp-json\/wp\/v2\/product"}],"about":[{"href":"https:\/\/ventspils.citro.lv\/ru\/wp-json\/wp\/v2\/types\/product"}],"wp:featuredmedia":[{"embeddable":true,"href":"https:\/\/ventspils.citro.lv\/ru\/wp-json\/wp\/v2\/media\/1253061"}],"wp:attachment":[{"href":"https:\/\/ventspils.citro.lv\/ru\/wp-json\/wp\/v2\/media?parent=944742"}],"wp:term":[{"taxonomy":"product_cat","embeddable":true,"href":"https:\/\/ventspils.citro.lv\/ru\/wp-json\/wp\/v2\/product_cat?post=944742"},{"taxonomy":"product_tag","embeddable":true,"href":"https:\/\/ventspils.citro.lv\/ru\/wp-json\/wp\/v2\/product_tag?post=944742"}],"curies":[{"name":"wp","href":"https:\/\/api.w.org\/{rel}","templated":true}]}}