{"id":944733,"date":"2026-03-16T01:15:40","date_gmt":"2026-03-15T23:15:40","guid":{"rendered":"https:\/\/ventspils.citro.lv\/veikals\/nudeles-risu-atri-pag-glads-discovery-ar-tom-yum-merci-65g\/"},"modified":"2026-03-16T01:15:51","modified_gmt":"2026-03-15T23:15:51","slug":"nudeles-risu-atri-pag-glads-discovery-ar-tom-yum-merci-65g","status":"publish","type":"product","link":"https:\/\/ventspils.citro.lv\/ru\/veikals\/nudeles-risu-atri-pag-glads-discovery-ar-tom-yum-merci-65g\/","title":{"rendered":"N\u016bdeles r\u012bsu \u0101tri pag. Glads Discovery ar Tom Yum m\u0113rci 65g"},"content":{"rendered":"","protected":false},"excerpt":{"rendered":"<p>30.62 \u20ac\/kg<\/p>\n","protected":false},"featured_media":1226187,"template":"","meta":{"_acf_changed":false,"inline_featured_image":false},"product_cat":[111,138],"product_tag":[],"acf":[],"aioseo_notices":[],"_links":{"self":[{"href":"https:\/\/ventspils.citro.lv\/ru\/wp-json\/wp\/v2\/product\/944733"}],"collection":[{"href":"https:\/\/ventspils.citro.lv\/ru\/wp-json\/wp\/v2\/product"}],"about":[{"href":"https:\/\/ventspils.citro.lv\/ru\/wp-json\/wp\/v2\/types\/product"}],"wp:featuredmedia":[{"embeddable":true,"href":"https:\/\/ventspils.citro.lv\/ru\/wp-json\/wp\/v2\/media\/1226187"}],"wp:attachment":[{"href":"https:\/\/ventspils.citro.lv\/ru\/wp-json\/wp\/v2\/media?parent=944733"}],"wp:term":[{"taxonomy":"product_cat","embeddable":true,"href":"https:\/\/ventspils.citro.lv\/ru\/wp-json\/wp\/v2\/product_cat?post=944733"},{"taxonomy":"product_tag","embeddable":true,"href":"https:\/\/ventspils.citro.lv\/ru\/wp-json\/wp\/v2\/product_tag?post=944733"}],"curies":[{"name":"wp","href":"https:\/\/api.w.org\/{rel}","templated":true}]}}