{"id":94278,"date":"2026-03-27T06:48:40","date_gmt":"2026-03-27T04:48:40","guid":{"rendered":"https:\/\/ventspils.citro.lv\/veikals\/desinas-vitinatas-kabanos-100g\/"},"modified":"2026-03-27T06:48:44","modified_gmt":"2026-03-27T04:48:44","slug":"desinas-kabanos-vitinatas-100g","status":"publish","type":"product","link":"https:\/\/ventspils.citro.lv\/ru\/veikals\/desinas-kabanos-vitinatas-100g\/","title":{"rendered":"Desi\u0146as Kabanos v\u012btin\u0101tas 100g"},"content":{"rendered":"","protected":false},"excerpt":{"rendered":"<p>23.50 \u20ac\/kg<\/p>\n","protected":false},"featured_media":1235677,"template":"","meta":{"_acf_changed":false,"inline_featured_image":false},"product_cat":[135,194],"product_tag":[],"acf":[],"aioseo_notices":[],"_links":{"self":[{"href":"https:\/\/ventspils.citro.lv\/ru\/wp-json\/wp\/v2\/product\/94278"}],"collection":[{"href":"https:\/\/ventspils.citro.lv\/ru\/wp-json\/wp\/v2\/product"}],"about":[{"href":"https:\/\/ventspils.citro.lv\/ru\/wp-json\/wp\/v2\/types\/product"}],"wp:featuredmedia":[{"embeddable":true,"href":"https:\/\/ventspils.citro.lv\/ru\/wp-json\/wp\/v2\/media\/1235677"}],"wp:attachment":[{"href":"https:\/\/ventspils.citro.lv\/ru\/wp-json\/wp\/v2\/media?parent=94278"}],"wp:term":[{"taxonomy":"product_cat","embeddable":true,"href":"https:\/\/ventspils.citro.lv\/ru\/wp-json\/wp\/v2\/product_cat?post=94278"},{"taxonomy":"product_tag","embeddable":true,"href":"https:\/\/ventspils.citro.lv\/ru\/wp-json\/wp\/v2\/product_tag?post=94278"}],"curies":[{"name":"wp","href":"https:\/\/api.w.org\/{rel}","templated":true}]}}