{"id":942480,"date":"2026-01-29T00:24:58","date_gmt":"2026-01-28T22:24:58","guid":{"rendered":"https:\/\/ventspils.citro.lv\/veikals\/kucina-pavlova-citro\/"},"modified":"2026-02-26T12:45:22","modified_gmt":"2026-02-26T10:45:22","slug":"kucina-pavlova-citro","status":"publish","type":"product","link":"https:\/\/ventspils.citro.lv\/ru\/veikals\/kucina-pavlova-citro\/","title":{"rendered":"K\u016bci\u0146a Pavlova Citro"},"content":{"rendered":"<p>Sast\u0101vda\u013cas: bez\u0113 masa (mais\u012bjums olbaltuma cepumiem (cukurs, OLU baltuma pulveris, s\u0101ls, biezin\u0101t\u0101js:  E466, sk\u0101buma regul\u0113t\u0101js: E330), cukurs, \u016bdens), kr\u0113msiers (pasteriz\u0113tas PANNI\u0145AS, KR\u0112JUMS, s\u0101ls, fermenti: lakt\u0101ze, piensk\u0101bes t\u012brkult\u016bra [PIENS]), putkr\u0113jums uz augu tauku b\u0101zes (\u016bdens, piln\u012bgi hidrogen\u0113ta palmu kodolu e\u013c\u013ca 25%, cukurs 12%, PIENA olbaltumvielas, emulgatori: E472b, E322 [SOJA], E472e; stabiliz\u0113t\u0101ji: E460, E466, E340; aromatiz\u0113t\u0101js, kr\u0101sviela: E160a), cukurs , gran\u0101t\u0101bols, \u0161okol\u0101de (cukurs, piln\u012bgi hidrogen\u0113ti palmu tauki, kakao ar samazin\u0101tu tauku saturu 17%, palmu tauki, LAKTOZE, emulgators: E322  [SOJA], aromatiz\u0113t\u0101js). 100 g produkta satur:  ener\u0123\u0113tisk\u0101 v\u0113rt\u012bba 1568KJ\/373kcal,  tauki 15,9 g, tostarp pies\u0101tin\u0101t\u0101s tauksk\u0101bes 13,1 g, og\u013chidr\u0101ti 52,4 g, tostarp cukurs 50,8 g, \u0161\u0137iedrvielas 0,3 g, olbaltumvielas 5 g, s\u0101ls 0,5 g. Uzglab\u0101\u0161anas apst\u0101k\u013ci: +2&#8230;+6 C. Ra\u017eot\u0101js: SIA Di\u0101na-Bistro,Andreja iela -5,Ventspils<\/p>\n","protected":false},"excerpt":{"rendered":"<p>15.71 \u20ac\/kg<\/p>\n","protected":false},"featured_media":1201001,"template":"","meta":{"_acf_changed":false,"inline_featured_image":false},"product_cat":[235,109],"product_tag":[],"acf":[],"aioseo_notices":[],"_links":{"self":[{"href":"https:\/\/ventspils.citro.lv\/ru\/wp-json\/wp\/v2\/product\/942480"}],"collection":[{"href":"https:\/\/ventspils.citro.lv\/ru\/wp-json\/wp\/v2\/product"}],"about":[{"href":"https:\/\/ventspils.citro.lv\/ru\/wp-json\/wp\/v2\/types\/product"}],"wp:featuredmedia":[{"embeddable":true,"href":"https:\/\/ventspils.citro.lv\/ru\/wp-json\/wp\/v2\/media\/1201001"}],"wp:attachment":[{"href":"https:\/\/ventspils.citro.lv\/ru\/wp-json\/wp\/v2\/media?parent=942480"}],"wp:term":[{"taxonomy":"product_cat","embeddable":true,"href":"https:\/\/ventspils.citro.lv\/ru\/wp-json\/wp\/v2\/product_cat?post=942480"},{"taxonomy":"product_tag","embeddable":true,"href":"https:\/\/ventspils.citro.lv\/ru\/wp-json\/wp\/v2\/product_tag?post=942480"}],"curies":[{"name":"wp","href":"https:\/\/api.w.org\/{rel}","templated":true}]}}