{"id":9424,"date":"2026-04-01T01:45:45","date_gmt":"2026-03-31T22:45:45","guid":{"rendered":"https:\/\/eveikals.citro.lv\/ventspils\/veikals\/batonins-herkuless-musli-piena-sok-rieksti-25g\/"},"modified":"2026-04-01T01:46:02","modified_gmt":"2026-03-31T22:46:02","slug":"batonins-herkuless-musli-piena-sok-rieksti-25g","status":"publish","type":"product","link":"https:\/\/ventspils.citro.lv\/ru\/veikals\/batonins-herkuless-musli-piena-sok-rieksti-25g\/","title":{"rendered":"Batoni\u0146\u0161 Herkuless musli piena \u0161ok.\/rieksti 25g"},"content":{"rendered":"","protected":false},"excerpt":{"rendered":"<p>17.60 \u20ac\/kg<\/p>\n","protected":false},"featured_media":1238618,"template":"","meta":{"_acf_changed":false,"inline_featured_image":false},"product_cat":[613,125],"product_tag":[],"acf":[],"aioseo_notices":[],"_links":{"self":[{"href":"https:\/\/ventspils.citro.lv\/ru\/wp-json\/wp\/v2\/product\/9424"}],"collection":[{"href":"https:\/\/ventspils.citro.lv\/ru\/wp-json\/wp\/v2\/product"}],"about":[{"href":"https:\/\/ventspils.citro.lv\/ru\/wp-json\/wp\/v2\/types\/product"}],"wp:featuredmedia":[{"embeddable":true,"href":"https:\/\/ventspils.citro.lv\/ru\/wp-json\/wp\/v2\/media\/1238618"}],"wp:attachment":[{"href":"https:\/\/ventspils.citro.lv\/ru\/wp-json\/wp\/v2\/media?parent=9424"}],"wp:term":[{"taxonomy":"product_cat","embeddable":true,"href":"https:\/\/ventspils.citro.lv\/ru\/wp-json\/wp\/v2\/product_cat?post=9424"},{"taxonomy":"product_tag","embeddable":true,"href":"https:\/\/ventspils.citro.lv\/ru\/wp-json\/wp\/v2\/product_tag?post=9424"}],"curies":[{"name":"wp","href":"https:\/\/api.w.org\/{rel}","templated":true}]}}