{"id":942040,"date":"2024-12-07T01:48:18","date_gmt":"2024-12-06T23:48:18","guid":{"rendered":"https:\/\/ventspils.citro.lv\/veikals\/negi-cepti-uz-oglem-zeleja-400g-280g\/"},"modified":"2026-02-26T12:45:02","modified_gmt":"2026-02-26T10:45:02","slug":"negi-cepti-uz-oglem-zeleja-400g-280g","status":"publish","type":"product","link":"https:\/\/ventspils.citro.lv\/ru\/veikals\/negi-cepti-uz-oglem-zeleja-400g-280g\/","title":{"rendered":"N\u0113\u0123i cepti uz ogl\u0113m \u017eelej\u0101 400g\/280g"},"content":{"rendered":"","protected":false},"excerpt":{"rendered":"<p>57.11 \u20ac\/kg<\/p>\n","protected":false},"featured_media":958162,"template":"","meta":{"_acf_changed":false,"inline_featured_image":false},"product_cat":[545,135],"product_tag":[],"acf":[],"aioseo_notices":[],"_links":{"self":[{"href":"https:\/\/ventspils.citro.lv\/ru\/wp-json\/wp\/v2\/product\/942040"}],"collection":[{"href":"https:\/\/ventspils.citro.lv\/ru\/wp-json\/wp\/v2\/product"}],"about":[{"href":"https:\/\/ventspils.citro.lv\/ru\/wp-json\/wp\/v2\/types\/product"}],"wp:featuredmedia":[{"embeddable":true,"href":"https:\/\/ventspils.citro.lv\/ru\/wp-json\/wp\/v2\/media\/958162"}],"wp:attachment":[{"href":"https:\/\/ventspils.citro.lv\/ru\/wp-json\/wp\/v2\/media?parent=942040"}],"wp:term":[{"taxonomy":"product_cat","embeddable":true,"href":"https:\/\/ventspils.citro.lv\/ru\/wp-json\/wp\/v2\/product_cat?post=942040"},{"taxonomy":"product_tag","embeddable":true,"href":"https:\/\/ventspils.citro.lv\/ru\/wp-json\/wp\/v2\/product_tag?post=942040"}],"curies":[{"name":"wp","href":"https:\/\/api.w.org\/{rel}","templated":true}]}}