{"id":940097,"date":"2026-03-03T04:12:27","date_gmt":"2026-03-03T02:12:27","guid":{"rendered":"https:\/\/ventspils.citro.lv\/veikals\/salati-melisu-ar-sampinjoniem-citro-200g\/"},"modified":"2026-03-31T00:15:31","modified_gmt":"2026-03-30T21:15:31","slug":"salati-melisu-ar-sampinjoniem-citro-200g","status":"publish","type":"product","link":"https:\/\/ventspils.citro.lv\/ru\/veikals\/salati-melisu-ar-sampinjoniem-citro-200g\/","title":{"rendered":"Sal\u0101ti M\u0113l\u012b\u0161u ar \u0161ampinjoniem Citro 200g"},"content":{"rendered":"<p>Sast\u0101vda\u013cas: c\u016bku m\u0113les (37%), majon\u0113ze (rap\u0161u e\u013c\u013ca, \u016bdens, OLU pulveris, V\u0100JPIENA pulveris, cukurs, s\u0101ls,  sk\u0101buma regul\u0113t\u0101ji (eti\u0137sk\u0101be, citronsk\u0101be), konservants (k\u0101lija sorb\u0101ts), biezin\u0101t\u0101ji (modific\u0113ta ciete, gu\u0101ra sve\u0137i, ksant\u0101na sve\u0137i), kartupe\u013ci, gur\u0137i, gur\u0137i marin\u0113ti (gur\u0137i, v\u012bna eti\u0137is, s\u0101ls, SINEPJU s\u0113klas, konservants: E211, dab\u012bgs aromatiz\u0113t\u0101js, saldin\u0101t\u0101js: E954), \u0161ampinjoni mar. (\u0161ampinjoni, \u016bdens, s\u0101ls, s\u012bpoli, cukurs, sk\u0101buma regul\u0113t\u0101ji (citronsk\u0101be, eti\u0137sk\u0101be), gar\u0161vielas (t.sk.SINEPJU s\u0113klas), konservants (k\u0101lija sorb\u0101ts), antioksidants (askorb\u012bnsk\u0101be), saldin\u0101t\u0101js (sahar\u012bns)), dilles, s\u0101ls. 100 g produkta satur:  ener\u0123\u0113tisko v\u0113rt\u012bbu: 944KJ\/228 kcal, tauki 20g, tostarp pies\u0101tin\u0101t\u0101s tauksk\u0101bes 3,5g, og\u013chidr\u0101ti 4,2g, tostarp cukurs 1,1g, olbaltumvielas 8,5g, s\u0101ls 0,8g. Uzglab\u0101\u0161anas temperat\u016bra: +2&#8230;+6 C. Izlietot l\u012bdz: nor\u0101d\u012bts uz iepakojuma. Ra\u017eot\u0101js: SIA Di\u0101na Bistro, Andreja iela 5, Ventspils.<\/p>\n","protected":false},"excerpt":{"rendered":"<p>11.95 \u20ac\/kg<\/p>\n","protected":false},"featured_media":1220729,"template":"","meta":{"_acf_changed":false,"inline_featured_image":false},"product_cat":[113,212],"product_tag":[],"acf":[],"aioseo_notices":[],"_links":{"self":[{"href":"https:\/\/ventspils.citro.lv\/ru\/wp-json\/wp\/v2\/product\/940097"}],"collection":[{"href":"https:\/\/ventspils.citro.lv\/ru\/wp-json\/wp\/v2\/product"}],"about":[{"href":"https:\/\/ventspils.citro.lv\/ru\/wp-json\/wp\/v2\/types\/product"}],"wp:featuredmedia":[{"embeddable":true,"href":"https:\/\/ventspils.citro.lv\/ru\/wp-json\/wp\/v2\/media\/1220729"}],"wp:attachment":[{"href":"https:\/\/ventspils.citro.lv\/ru\/wp-json\/wp\/v2\/media?parent=940097"}],"wp:term":[{"taxonomy":"product_cat","embeddable":true,"href":"https:\/\/ventspils.citro.lv\/ru\/wp-json\/wp\/v2\/product_cat?post=940097"},{"taxonomy":"product_tag","embeddable":true,"href":"https:\/\/ventspils.citro.lv\/ru\/wp-json\/wp\/v2\/product_tag?post=940097"}],"curies":[{"name":"wp","href":"https:\/\/api.w.org\/{rel}","templated":true}]}}