{"id":9396,"date":"2026-04-24T06:06:14","date_gmt":"2026-04-24T03:06:14","guid":{"rendered":"https:\/\/eveikals.citro.lv\/ventspils\/veikals\/batonins-herkuless-musli-ar-zemenu-gab-25g\/"},"modified":"2026-04-24T06:06:24","modified_gmt":"2026-04-24T03:06:24","slug":"batonins-herkuless-musli-ar-zemenu-gab-25g","status":"publish","type":"product","link":"https:\/\/ventspils.citro.lv\/ru\/veikals\/batonins-herkuless-musli-ar-zemenu-gab-25g\/","title":{"rendered":"Batoni\u0146\u0161 Herkuless musli ar zeme\u0146u gab.25g"},"content":{"rendered":"","protected":false},"excerpt":{"rendered":"<p>17.60 \u20ac\/kg<\/p>\n","protected":false},"featured_media":1251931,"template":"","meta":{"_acf_changed":false,"inline_featured_image":false},"product_cat":[613,125],"product_tag":[],"acf":[],"aioseo_notices":[],"_links":{"self":[{"href":"https:\/\/ventspils.citro.lv\/ru\/wp-json\/wp\/v2\/product\/9396"}],"collection":[{"href":"https:\/\/ventspils.citro.lv\/ru\/wp-json\/wp\/v2\/product"}],"about":[{"href":"https:\/\/ventspils.citro.lv\/ru\/wp-json\/wp\/v2\/types\/product"}],"wp:featuredmedia":[{"embeddable":true,"href":"https:\/\/ventspils.citro.lv\/ru\/wp-json\/wp\/v2\/media\/1251931"}],"wp:attachment":[{"href":"https:\/\/ventspils.citro.lv\/ru\/wp-json\/wp\/v2\/media?parent=9396"}],"wp:term":[{"taxonomy":"product_cat","embeddable":true,"href":"https:\/\/ventspils.citro.lv\/ru\/wp-json\/wp\/v2\/product_cat?post=9396"},{"taxonomy":"product_tag","embeddable":true,"href":"https:\/\/ventspils.citro.lv\/ru\/wp-json\/wp\/v2\/product_tag?post=9396"}],"curies":[{"name":"wp","href":"https:\/\/api.w.org\/{rel}","templated":true}]}}