{"id":9395,"date":"2026-04-14T02:36:13","date_gmt":"2026-04-13T23:36:13","guid":{"rendered":"https:\/\/eveikals.citro.lv\/ventspils\/veikals\/parslas-herkuless-atri-pagat-ar-meza-ogam-un-pienu-35g\/"},"modified":"2026-04-14T02:36:24","modified_gmt":"2026-04-13T23:36:24","slug":"parslas-herkuless-atri-pagat-ar-meza-ogam-un-pienu-35g","status":"publish","type":"product","link":"https:\/\/ventspils.citro.lv\/ru\/veikals\/parslas-herkuless-atri-pagat-ar-meza-ogam-un-pienu-35g\/","title":{"rendered":"P\u0101rslas Herkuless \u0101tri pagat.ar me\u017ea og\u0101m un pienu 35g"},"content":{"rendered":"","protected":false},"excerpt":{"rendered":"<p>16.86 \u20ac\/kg<\/p>\n","protected":false},"featured_media":1245224,"template":"","meta":{"_acf_changed":false,"inline_featured_image":false},"product_cat":[118,123],"product_tag":[],"acf":[],"aioseo_notices":[],"_links":{"self":[{"href":"https:\/\/ventspils.citro.lv\/ru\/wp-json\/wp\/v2\/product\/9395"}],"collection":[{"href":"https:\/\/ventspils.citro.lv\/ru\/wp-json\/wp\/v2\/product"}],"about":[{"href":"https:\/\/ventspils.citro.lv\/ru\/wp-json\/wp\/v2\/types\/product"}],"wp:featuredmedia":[{"embeddable":true,"href":"https:\/\/ventspils.citro.lv\/ru\/wp-json\/wp\/v2\/media\/1245224"}],"wp:attachment":[{"href":"https:\/\/ventspils.citro.lv\/ru\/wp-json\/wp\/v2\/media?parent=9395"}],"wp:term":[{"taxonomy":"product_cat","embeddable":true,"href":"https:\/\/ventspils.citro.lv\/ru\/wp-json\/wp\/v2\/product_cat?post=9395"},{"taxonomy":"product_tag","embeddable":true,"href":"https:\/\/ventspils.citro.lv\/ru\/wp-json\/wp\/v2\/product_tag?post=9395"}],"curies":[{"name":"wp","href":"https:\/\/api.w.org\/{rel}","templated":true}]}}