{"id":9390,"date":"2026-04-28T02:36:02","date_gmt":"2026-04-27T23:36:02","guid":{"rendered":"https:\/\/eveikals.citro.lv\/ventspils\/veikals\/parslas-auzu-herkuless-atri-pagat-ar-kirsiem-35g\/"},"modified":"2026-04-28T02:36:07","modified_gmt":"2026-04-27T23:36:07","slug":"parslas-herkuless-auzu-atri-pagat-ar-kirsiem-35g","status":"publish","type":"product","link":"https:\/\/ventspils.citro.lv\/ru\/veikals\/parslas-herkuless-auzu-atri-pagat-ar-kirsiem-35g\/","title":{"rendered":"P\u0101rslas Herkuless auzu \u0101tri pagat. ar \u0137ir\u0161iem 35g"},"content":{"rendered":"","protected":false},"excerpt":{"rendered":"<p>18.00 \u20ac\/kg<\/p>\n","protected":false},"featured_media":1254098,"template":"","meta":{"_acf_changed":false,"inline_featured_image":false},"product_cat":[118,123],"product_tag":[],"acf":[],"aioseo_notices":[],"_links":{"self":[{"href":"https:\/\/ventspils.citro.lv\/ru\/wp-json\/wp\/v2\/product\/9390"}],"collection":[{"href":"https:\/\/ventspils.citro.lv\/ru\/wp-json\/wp\/v2\/product"}],"about":[{"href":"https:\/\/ventspils.citro.lv\/ru\/wp-json\/wp\/v2\/types\/product"}],"wp:featuredmedia":[{"embeddable":true,"href":"https:\/\/ventspils.citro.lv\/ru\/wp-json\/wp\/v2\/media\/1254098"}],"wp:attachment":[{"href":"https:\/\/ventspils.citro.lv\/ru\/wp-json\/wp\/v2\/media?parent=9390"}],"wp:term":[{"taxonomy":"product_cat","embeddable":true,"href":"https:\/\/ventspils.citro.lv\/ru\/wp-json\/wp\/v2\/product_cat?post=9390"},{"taxonomy":"product_tag","embeddable":true,"href":"https:\/\/ventspils.citro.lv\/ru\/wp-json\/wp\/v2\/product_tag?post=9390"}],"curies":[{"name":"wp","href":"https:\/\/api.w.org\/{rel}","templated":true}]}}