{"id":9349,"date":"2026-04-24T05:57:44","date_gmt":"2026-04-24T02:57:44","guid":{"rendered":"https:\/\/eveikals.citro.lv\/ventspils\/veikals\/bariba-kakiem-sheba-cuisine-pouch-beef-cig-85g\/"},"modified":"2026-04-24T05:57:49","modified_gmt":"2026-04-24T02:57:49","slug":"bariba-kakiem-sheba-cuisine-pouch-ar-vistu-zeleja-85g","status":"publish","type":"product","link":"https:\/\/ventspils.citro.lv\/ru\/veikals\/bariba-kakiem-sheba-cuisine-pouch-ar-vistu-zeleja-85g\/","title":{"rendered":"Bar\u012bba ka\u0137iem Sheba Cuisine pouch ar vistu \u017eelej\u0101 85g"},"content":{"rendered":"","protected":false},"excerpt":{"rendered":"<p>8.12 \u20ac\/kg<\/p>\n","protected":false},"featured_media":1251893,"template":"","meta":{"_acf_changed":false,"inline_featured_image":false},"product_cat":[153,175],"product_tag":[],"acf":[],"aioseo_notices":[],"_links":{"self":[{"href":"https:\/\/ventspils.citro.lv\/ru\/wp-json\/wp\/v2\/product\/9349"}],"collection":[{"href":"https:\/\/ventspils.citro.lv\/ru\/wp-json\/wp\/v2\/product"}],"about":[{"href":"https:\/\/ventspils.citro.lv\/ru\/wp-json\/wp\/v2\/types\/product"}],"wp:featuredmedia":[{"embeddable":true,"href":"https:\/\/ventspils.citro.lv\/ru\/wp-json\/wp\/v2\/media\/1251893"}],"wp:attachment":[{"href":"https:\/\/ventspils.citro.lv\/ru\/wp-json\/wp\/v2\/media?parent=9349"}],"wp:term":[{"taxonomy":"product_cat","embeddable":true,"href":"https:\/\/ventspils.citro.lv\/ru\/wp-json\/wp\/v2\/product_cat?post=9349"},{"taxonomy":"product_tag","embeddable":true,"href":"https:\/\/ventspils.citro.lv\/ru\/wp-json\/wp\/v2\/product_tag?post=9349"}],"curies":[{"name":"wp","href":"https:\/\/api.w.org\/{rel}","templated":true}]}}