{"id":934121,"date":"2026-04-24T05:18:02","date_gmt":"2026-04-24T02:18:02","guid":{"rendered":"https:\/\/ventspils.citro.lv\/veikals\/konservs-vistas-gala-zeleja-240g\/"},"modified":"2026-04-24T05:18:14","modified_gmt":"2026-04-24T02:18:14","slug":"konservs-vistas-gala-zeleja-240g","status":"publish","type":"product","link":"https:\/\/ventspils.citro.lv\/ru\/veikals\/konservs-vistas-gala-zeleja-240g\/","title":{"rendered":"Konservs vistas ga\u013ca \u017eelej\u0101 240g"},"content":{"rendered":"","protected":false},"excerpt":{"rendered":"<p>4.96 \u20ac\/kg<\/p>\n","protected":false},"featured_media":1251717,"template":"","meta":{"_acf_changed":false,"inline_featured_image":false},"product_cat":[135,174],"product_tag":[],"acf":[],"aioseo_notices":[],"_links":{"self":[{"href":"https:\/\/ventspils.citro.lv\/ru\/wp-json\/wp\/v2\/product\/934121"}],"collection":[{"href":"https:\/\/ventspils.citro.lv\/ru\/wp-json\/wp\/v2\/product"}],"about":[{"href":"https:\/\/ventspils.citro.lv\/ru\/wp-json\/wp\/v2\/types\/product"}],"wp:featuredmedia":[{"embeddable":true,"href":"https:\/\/ventspils.citro.lv\/ru\/wp-json\/wp\/v2\/media\/1251717"}],"wp:attachment":[{"href":"https:\/\/ventspils.citro.lv\/ru\/wp-json\/wp\/v2\/media?parent=934121"}],"wp:term":[{"taxonomy":"product_cat","embeddable":true,"href":"https:\/\/ventspils.citro.lv\/ru\/wp-json\/wp\/v2\/product_cat?post=934121"},{"taxonomy":"product_tag","embeddable":true,"href":"https:\/\/ventspils.citro.lv\/ru\/wp-json\/wp\/v2\/product_tag?post=934121"}],"curies":[{"name":"wp","href":"https:\/\/api.w.org\/{rel}","templated":true}]}}