{"id":933771,"date":"2026-04-16T03:09:26","date_gmt":"2026-04-16T00:09:26","guid":{"rendered":"https:\/\/ventspils.citro.lv\/veikals\/biezpiena-sierins-vanilas-alma-40g\/"},"modified":"2026-04-16T03:09:37","modified_gmt":"2026-04-16T00:09:37","slug":"biezpiena-sierins-vanilas-alma-40g","status":"publish","type":"product","link":"https:\/\/ventspils.citro.lv\/ru\/veikals\/biezpiena-sierins-vanilas-alma-40g\/","title":{"rendered":"Biezpiena sieri\u0146\u0161 vani\u013cas Alma 40g"},"content":{"rendered":"<p>Vani\u013cas BIEZPIENS (BIEZPIENS 67%, SVIESTS, cukurs, vanil\u012bns, dab\u012bgs vani\u013cas aromatiz\u0113t\u0101js), kakao glaz\u016bra 20% (cukurs, piln\u012bb\u0101 hidrogen\u0113ta kokosriekstu e\u013c\u013ca, kakao pulveris ar samazin\u0101tu tauku saturu 15%, emulgators (rap\u0161u e\u013c\u013ca), aromatiz\u0113t\u0101ji).<\/p>\n","protected":false},"excerpt":{"rendered":"<p>7.25 \u20ac\/kg<\/p>\n","protected":false},"featured_media":1246551,"template":"","meta":{"_acf_changed":false,"inline_featured_image":false},"product_cat":[95,188],"product_tag":[],"acf":[],"aioseo_notices":[],"_links":{"self":[{"href":"https:\/\/ventspils.citro.lv\/ru\/wp-json\/wp\/v2\/product\/933771"}],"collection":[{"href":"https:\/\/ventspils.citro.lv\/ru\/wp-json\/wp\/v2\/product"}],"about":[{"href":"https:\/\/ventspils.citro.lv\/ru\/wp-json\/wp\/v2\/types\/product"}],"wp:featuredmedia":[{"embeddable":true,"href":"https:\/\/ventspils.citro.lv\/ru\/wp-json\/wp\/v2\/media\/1246551"}],"wp:attachment":[{"href":"https:\/\/ventspils.citro.lv\/ru\/wp-json\/wp\/v2\/media?parent=933771"}],"wp:term":[{"taxonomy":"product_cat","embeddable":true,"href":"https:\/\/ventspils.citro.lv\/ru\/wp-json\/wp\/v2\/product_cat?post=933771"},{"taxonomy":"product_tag","embeddable":true,"href":"https:\/\/ventspils.citro.lv\/ru\/wp-json\/wp\/v2\/product_tag?post=933771"}],"curies":[{"name":"wp","href":"https:\/\/api.w.org\/{rel}","templated":true}]}}