{"id":933767,"date":"2026-04-24T10:27:36","date_gmt":"2026-04-24T07:27:36","guid":{"rendered":"https:\/\/ventspils.citro.lv\/veikals\/biezpiena-sierins-ar-mango-pildijumu-alma-40g\/"},"modified":"2026-04-24T10:27:40","modified_gmt":"2026-04-24T07:27:40","slug":"biezpiena-sierins-ar-mango-pildijumu-alma-40g","status":"publish","type":"product","link":"https:\/\/ventspils.citro.lv\/ru\/veikals\/biezpiena-sierins-ar-mango-pildijumu-alma-40g\/","title":{"rendered":"Biezpiena sieri\u0146\u0161\u00a0ar mango pild\u012bjumu Alma\u00a040g"},"content":{"rendered":"<p>BIEZPIENA sieri\u0146\u0161 (BIEZPIENS 67%, SVIESTS, cukurs, vanil\u012bns), kakao glaz\u016bra 20% (cukurs, piln\u012bb\u0101 hidrogen\u0113ta kokosriekstu e\u013c\u013ca, kakao pulveris ar samazin\u0101tu tauku saturu 15%, emulgators (rap\u0161u e\u013c\u013ca), aromatiz\u0113t\u0101ji), mango pild\u012bjums 7% (cukurs, mango bieze\u0146a koncentr\u0101ts 33%, biezin\u0101t\u0101js (pekt\u012bns), citrusaug\u013cu \u0161\u0137iedra, sk\u0101buma regul\u0113t\u0101ji (n\u0101trija citr\u0101ts, kalcija citr\u0101ts, citronsk\u0101be), aromatiz\u0113t\u0101ji, p\u0101rtikas kr\u0101sviela (augu karot\u012bni).<\/p>\n","protected":false},"excerpt":{"rendered":"<p>7.25 \u20ac\/kg<\/p>\n","protected":false},"featured_media":1253082,"template":"","meta":{"_acf_changed":false,"inline_featured_image":false},"product_cat":[95,188],"product_tag":[],"acf":[],"aioseo_notices":[],"_links":{"self":[{"href":"https:\/\/ventspils.citro.lv\/ru\/wp-json\/wp\/v2\/product\/933767"}],"collection":[{"href":"https:\/\/ventspils.citro.lv\/ru\/wp-json\/wp\/v2\/product"}],"about":[{"href":"https:\/\/ventspils.citro.lv\/ru\/wp-json\/wp\/v2\/types\/product"}],"wp:featuredmedia":[{"embeddable":true,"href":"https:\/\/ventspils.citro.lv\/ru\/wp-json\/wp\/v2\/media\/1253082"}],"wp:attachment":[{"href":"https:\/\/ventspils.citro.lv\/ru\/wp-json\/wp\/v2\/media?parent=933767"}],"wp:term":[{"taxonomy":"product_cat","embeddable":true,"href":"https:\/\/ventspils.citro.lv\/ru\/wp-json\/wp\/v2\/product_cat?post=933767"},{"taxonomy":"product_tag","embeddable":true,"href":"https:\/\/ventspils.citro.lv\/ru\/wp-json\/wp\/v2\/product_tag?post=933767"}],"curies":[{"name":"wp","href":"https:\/\/api.w.org\/{rel}","templated":true}]}}