{"id":933765,"date":"2026-04-16T03:09:15","date_gmt":"2026-04-16T00:09:15","guid":{"rendered":"https:\/\/ventspils.citro.lv\/veikals\/biezpiena-sierins-ar-avenu-pildijumu-alma-40g\/"},"modified":"2026-04-16T03:09:25","modified_gmt":"2026-04-16T00:09:25","slug":"biezpiena-sierins-ar-avenu-pildijumu-alma-40g","status":"publish","type":"product","link":"https:\/\/ventspils.citro.lv\/ru\/veikals\/biezpiena-sierins-ar-avenu-pildijumu-alma-40g\/","title":{"rendered":"Biezpiena sieri\u0146\u0161 ar ave\u0146u pild\u012bjumu\u00a0Alma 40g"},"content":{"rendered":"<p>BIEZPIENA sieri\u0146\u0161 (BIEZPIENS 67%, SVIESTS, cukurs, vanil\u012bns), kakao glaz\u016bra 20% (cukurs, piln\u012bb\u0101 hidrogen\u0113ta kokosriekstu e\u013c\u013ca, kakao pulveris ar samazin\u0101tu tauku saturu 15%, emulgators (rap\u0161u e\u013c\u013ca), aromatiz\u0113t\u0101ji), ave\u0146u pild\u012bjums 7 % (cukurs, avenes 26%, biezin\u0101t\u0101js (pekt\u012bns), citrusaug\u013cu \u0161\u0137iedras, aromatiz\u0113t\u0101ji, sk\u0101buma regul\u0113t\u0101ji (citronsk\u0101be, n\u0101trija citr\u0101ts, kalcija citr\u0101ts), burk\u0101nu koncentr\u0101ts.<\/p>\n","protected":false},"excerpt":{"rendered":"<p>7.25 \u20ac\/kg<\/p>\n","protected":false},"featured_media":1246549,"template":"","meta":{"_acf_changed":false,"inline_featured_image":false},"product_cat":[95,188],"product_tag":[],"acf":[],"aioseo_notices":[],"_links":{"self":[{"href":"https:\/\/ventspils.citro.lv\/ru\/wp-json\/wp\/v2\/product\/933765"}],"collection":[{"href":"https:\/\/ventspils.citro.lv\/ru\/wp-json\/wp\/v2\/product"}],"about":[{"href":"https:\/\/ventspils.citro.lv\/ru\/wp-json\/wp\/v2\/types\/product"}],"wp:featuredmedia":[{"embeddable":true,"href":"https:\/\/ventspils.citro.lv\/ru\/wp-json\/wp\/v2\/media\/1246549"}],"wp:attachment":[{"href":"https:\/\/ventspils.citro.lv\/ru\/wp-json\/wp\/v2\/media?parent=933765"}],"wp:term":[{"taxonomy":"product_cat","embeddable":true,"href":"https:\/\/ventspils.citro.lv\/ru\/wp-json\/wp\/v2\/product_cat?post=933765"},{"taxonomy":"product_tag","embeddable":true,"href":"https:\/\/ventspils.citro.lv\/ru\/wp-json\/wp\/v2\/product_tag?post=933765"}],"curies":[{"name":"wp","href":"https:\/\/api.w.org\/{rel}","templated":true}]}}