{"id":93201,"date":"2026-03-18T04:18:46","date_gmt":"2026-03-18T02:18:46","guid":{"rendered":"https:\/\/ventspils.citro.lv\/veikals\/parslas-prosas-valdo-a-varamas-400g\/"},"modified":"2026-03-18T04:18:50","modified_gmt":"2026-03-18T02:18:50","slug":"parslas-prosas-valdo-a-varamas-400g","status":"publish","type":"product","link":"https:\/\/ventspils.citro.lv\/ru\/veikals\/parslas-prosas-valdo-a-varamas-400g\/","title":{"rendered":"P\u0101rslas prosas Valdo \u0101\/v\u0101r\u0101m\u0101s 400g"},"content":{"rendered":"","protected":false},"excerpt":{"rendered":"<p>5.63 \u20ac\/kg<\/p>\n","protected":false},"featured_media":1228351,"template":"","meta":{"_acf_changed":false,"inline_featured_image":false},"product_cat":[118,123],"product_tag":[],"acf":[],"aioseo_notices":[],"_links":{"self":[{"href":"https:\/\/ventspils.citro.lv\/ru\/wp-json\/wp\/v2\/product\/93201"}],"collection":[{"href":"https:\/\/ventspils.citro.lv\/ru\/wp-json\/wp\/v2\/product"}],"about":[{"href":"https:\/\/ventspils.citro.lv\/ru\/wp-json\/wp\/v2\/types\/product"}],"wp:featuredmedia":[{"embeddable":true,"href":"https:\/\/ventspils.citro.lv\/ru\/wp-json\/wp\/v2\/media\/1228351"}],"wp:attachment":[{"href":"https:\/\/ventspils.citro.lv\/ru\/wp-json\/wp\/v2\/media?parent=93201"}],"wp:term":[{"taxonomy":"product_cat","embeddable":true,"href":"https:\/\/ventspils.citro.lv\/ru\/wp-json\/wp\/v2\/product_cat?post=93201"},{"taxonomy":"product_tag","embeddable":true,"href":"https:\/\/ventspils.citro.lv\/ru\/wp-json\/wp\/v2\/product_tag?post=93201"}],"curies":[{"name":"wp","href":"https:\/\/api.w.org\/{rel}","templated":true}]}}