{"id":930725,"date":"2026-04-10T08:45:24","date_gmt":"2026-04-10T05:45:24","guid":{"rendered":"https:\/\/ventspils.citro.lv\/veikals\/saldejums-majas-sokolades-kuka-825ml-456g\/"},"modified":"2026-04-10T08:45:35","modified_gmt":"2026-04-10T05:45:35","slug":"saldejums-majas-sokolades-kuka-825ml-456g","status":"publish","type":"product","link":"https:\/\/ventspils.citro.lv\/ru\/veikals\/saldejums-majas-sokolades-kuka-825ml-456g\/","title":{"rendered":"Sald\u0113jums M\u0101jas \u0161okol\u0101des k\u016bka 825ml\/456g"},"content":{"rendered":"<p>Atjaunots V\u0100JPIENS, \u016bdens, cukurs, glikozes-fruktozes s\u012brups, kakao pulveris ar samazin\u0101tu tauku saturu (5 %), glikozes s\u012brups, kokosriekstu tauki, s\u016bkalu sausna (PIENS), KVIE\u0160U milti, PILNPIENA pulveris, kakao masa (0,7 %), kakao sviests (0,6 %), SVIESTS, OLAS, kakao pulveris (0,3 %), invertcukura \u0161\u0137\u012bdums, stabiliz\u0113t\u0101ji (gu\u0101ra sve\u0137i, tara sve\u0137i, ceratoniju aug\u013cu sve\u0137i), invertcukura s\u012brups, kukur\u016bzas milti, SVIESTA tauki, emulgatori (tauksk\u0101bju monoglicer\u012bdi un diglicer\u012bdi, amonija fosfat\u012bdi), irdin\u0101t\u0101js (n\u0101trija bikarbon\u0101ts), s\u0101ls, rap\u0161u e\u013c\u013ca. Var satur\u0113t LAZDU RIEKSTUS, PEKANRIEKSTUS, PIST\u0100CIJAS un SOJAS PUPI\u0145AS.<\/p>\n","protected":false},"excerpt":{"rendered":"<p>13.14 \u20ac\/kg<\/p>\n","protected":false},"featured_media":1243990,"template":"","meta":{"_acf_changed":false,"inline_featured_image":false},"product_cat":[233,546],"product_tag":[],"acf":[],"aioseo_notices":[],"_links":{"self":[{"href":"https:\/\/ventspils.citro.lv\/ru\/wp-json\/wp\/v2\/product\/930725"}],"collection":[{"href":"https:\/\/ventspils.citro.lv\/ru\/wp-json\/wp\/v2\/product"}],"about":[{"href":"https:\/\/ventspils.citro.lv\/ru\/wp-json\/wp\/v2\/types\/product"}],"wp:featuredmedia":[{"embeddable":true,"href":"https:\/\/ventspils.citro.lv\/ru\/wp-json\/wp\/v2\/media\/1243990"}],"wp:attachment":[{"href":"https:\/\/ventspils.citro.lv\/ru\/wp-json\/wp\/v2\/media?parent=930725"}],"wp:term":[{"taxonomy":"product_cat","embeddable":true,"href":"https:\/\/ventspils.citro.lv\/ru\/wp-json\/wp\/v2\/product_cat?post=930725"},{"taxonomy":"product_tag","embeddable":true,"href":"https:\/\/ventspils.citro.lv\/ru\/wp-json\/wp\/v2\/product_tag?post=930725"}],"curies":[{"name":"wp","href":"https:\/\/api.w.org\/{rel}","templated":true}]}}