{"id":9307,"date":"2026-04-08T03:12:13","date_gmt":"2026-04-08T00:12:13","guid":{"rendered":"https:\/\/eveikals.citro.lv\/ventspils\/veikals\/sokolade-schogetten-tumsa-100g\/"},"modified":"2026-04-08T03:12:23","modified_gmt":"2026-04-08T00:12:23","slug":"sokolade-schogetten-tumsa-100g","status":"publish","type":"product","link":"https:\/\/ventspils.citro.lv\/ru\/veikals\/sokolade-schogetten-tumsa-100g\/","title":{"rendered":"\u0160okol\u0101de Schogetten tum\u0161\u0101 100g"},"content":{"rendered":"<p>Cukurs, kakao masa, kakao sviests, piena tauki (PIENA),  emulgatori (SOJAS lecit\u012bns), dab\u012bgs AROMATIZ\u0112TAJS (vanil\u012bns). Tum\u0161a \u0161okol\u0101de satur ne maz\u0101k k\u0101 50% kop\u0113j\u0101s kakao saus\u0101s masas<\/p>\n","protected":false},"excerpt":{"rendered":"<p>20.90 \u20ac\/kg<\/p>\n","protected":false},"featured_media":1240516,"template":"","meta":{"_acf_changed":false,"inline_featured_image":false},"product_cat":[547,125],"product_tag":[],"acf":[],"aioseo_notices":[],"_links":{"self":[{"href":"https:\/\/ventspils.citro.lv\/ru\/wp-json\/wp\/v2\/product\/9307"}],"collection":[{"href":"https:\/\/ventspils.citro.lv\/ru\/wp-json\/wp\/v2\/product"}],"about":[{"href":"https:\/\/ventspils.citro.lv\/ru\/wp-json\/wp\/v2\/types\/product"}],"wp:featuredmedia":[{"embeddable":true,"href":"https:\/\/ventspils.citro.lv\/ru\/wp-json\/wp\/v2\/media\/1240516"}],"wp:attachment":[{"href":"https:\/\/ventspils.citro.lv\/ru\/wp-json\/wp\/v2\/media?parent=9307"}],"wp:term":[{"taxonomy":"product_cat","embeddable":true,"href":"https:\/\/ventspils.citro.lv\/ru\/wp-json\/wp\/v2\/product_cat?post=9307"},{"taxonomy":"product_tag","embeddable":true,"href":"https:\/\/ventspils.citro.lv\/ru\/wp-json\/wp\/v2\/product_tag?post=9307"}],"curies":[{"name":"wp","href":"https:\/\/api.w.org\/{rel}","templated":true}]}}