{"id":9298,"date":"2026-03-18T03:06:58","date_gmt":"2026-03-18T01:06:58","guid":{"rendered":"https:\/\/eveikals.citro.lv\/ventspils\/veikals\/teja-lipton-clear-citrus-zala-25gb-33g\/"},"modified":"2026-03-18T03:07:07","modified_gmt":"2026-03-18T01:07:07","slug":"teja-lipton-clear-citrus-zala-25gb-33g","status":"publish","type":"product","link":"https:\/\/ventspils.citro.lv\/ru\/veikals\/teja-lipton-clear-citrus-zala-25gb-33g\/","title":{"rendered":"T\u0113ja Lipton clear citrus za\u013c\u0101 25gb 33g"},"content":{"rendered":"","protected":false},"excerpt":{"rendered":"<p>75.45 \u20ac\/kg<\/p>\n","protected":false},"featured_media":1228061,"template":"","meta":{"_acf_changed":false,"inline_featured_image":false},"product_cat":[142,143],"product_tag":[],"acf":[],"aioseo_notices":[],"_links":{"self":[{"href":"https:\/\/ventspils.citro.lv\/ru\/wp-json\/wp\/v2\/product\/9298"}],"collection":[{"href":"https:\/\/ventspils.citro.lv\/ru\/wp-json\/wp\/v2\/product"}],"about":[{"href":"https:\/\/ventspils.citro.lv\/ru\/wp-json\/wp\/v2\/types\/product"}],"wp:featuredmedia":[{"embeddable":true,"href":"https:\/\/ventspils.citro.lv\/ru\/wp-json\/wp\/v2\/media\/1228061"}],"wp:attachment":[{"href":"https:\/\/ventspils.citro.lv\/ru\/wp-json\/wp\/v2\/media?parent=9298"}],"wp:term":[{"taxonomy":"product_cat","embeddable":true,"href":"https:\/\/ventspils.citro.lv\/ru\/wp-json\/wp\/v2\/product_cat?post=9298"},{"taxonomy":"product_tag","embeddable":true,"href":"https:\/\/ventspils.citro.lv\/ru\/wp-json\/wp\/v2\/product_tag?post=9298"}],"curies":[{"name":"wp","href":"https:\/\/api.w.org\/{rel}","templated":true}]}}