{"id":9297,"date":"2026-05-12T04:30:13","date_gmt":"2026-05-12T01:30:13","guid":{"rendered":"https:\/\/eveikals.citro.lv\/ventspils\/veikals\/teja-mozums-tropiska-melna-30g\/"},"modified":"2026-05-13T14:32:10","modified_gmt":"2026-05-13T11:32:10","slug":"teja-mozums-tropiska-melna-30g","status":"publish","type":"product","link":"https:\/\/ventspils.citro.lv\/ru\/veikals\/teja-mozums-tropiska-melna-30g\/","title":{"rendered":"T\u0113ja Mo\u017eums tropisk\u0101 meln\u0101 30g"},"content":{"rendered":"","protected":false},"excerpt":{"rendered":"<p>23.00 \u20ac\/kg<\/p>\n","protected":false},"featured_media":1258853,"template":"","meta":{"_acf_changed":false,"inline_featured_image":false},"product_cat":[142,143],"product_tag":[],"acf":[],"aioseo_notices":[],"_links":{"self":[{"href":"https:\/\/ventspils.citro.lv\/ru\/wp-json\/wp\/v2\/product\/9297"}],"collection":[{"href":"https:\/\/ventspils.citro.lv\/ru\/wp-json\/wp\/v2\/product"}],"about":[{"href":"https:\/\/ventspils.citro.lv\/ru\/wp-json\/wp\/v2\/types\/product"}],"wp:featuredmedia":[{"embeddable":true,"href":"https:\/\/ventspils.citro.lv\/ru\/wp-json\/wp\/v2\/media\/1258853"}],"wp:attachment":[{"href":"https:\/\/ventspils.citro.lv\/ru\/wp-json\/wp\/v2\/media?parent=9297"}],"wp:term":[{"taxonomy":"product_cat","embeddable":true,"href":"https:\/\/ventspils.citro.lv\/ru\/wp-json\/wp\/v2\/product_cat?post=9297"},{"taxonomy":"product_tag","embeddable":true,"href":"https:\/\/ventspils.citro.lv\/ru\/wp-json\/wp\/v2\/product_tag?post=9297"}],"curies":[{"name":"wp","href":"https:\/\/api.w.org\/{rel}","templated":true}]}}