{"id":9256,"date":"2026-01-28T19:36:40","date_gmt":"2026-01-28T17:36:40","guid":{"rendered":"https:\/\/eveikals.citro.lv\/ventspils\/veikals\/sula-dzervenu-nekarseta-330ml\/"},"modified":"2026-01-28T19:36:45","modified_gmt":"2026-01-28T17:36:45","slug":"sula-dzervenu-nekarseta-330ml","status":"publish","type":"product","link":"https:\/\/ventspils.citro.lv\/ru\/veikals\/sula-dzervenu-nekarseta-330ml\/","title":{"rendered":"Sula dz\u0113rve\u0146u nekars\u0113ta 330ml"},"content":{"rendered":"","protected":false},"excerpt":{"rendered":"<p>10.88 \u20ac\/l<\/p>\n","protected":false},"featured_media":1199962,"template":"","meta":{"_acf_changed":false,"inline_featured_image":false},"product_cat":[106,124],"product_tag":[],"acf":[],"aioseo_notices":[],"_links":{"self":[{"href":"https:\/\/ventspils.citro.lv\/ru\/wp-json\/wp\/v2\/product\/9256"}],"collection":[{"href":"https:\/\/ventspils.citro.lv\/ru\/wp-json\/wp\/v2\/product"}],"about":[{"href":"https:\/\/ventspils.citro.lv\/ru\/wp-json\/wp\/v2\/types\/product"}],"wp:featuredmedia":[{"embeddable":true,"href":"https:\/\/ventspils.citro.lv\/ru\/wp-json\/wp\/v2\/media\/1199962"}],"wp:attachment":[{"href":"https:\/\/ventspils.citro.lv\/ru\/wp-json\/wp\/v2\/media?parent=9256"}],"wp:term":[{"taxonomy":"product_cat","embeddable":true,"href":"https:\/\/ventspils.citro.lv\/ru\/wp-json\/wp\/v2\/product_cat?post=9256"},{"taxonomy":"product_tag","embeddable":true,"href":"https:\/\/ventspils.citro.lv\/ru\/wp-json\/wp\/v2\/product_tag?post=9256"}],"curies":[{"name":"wp","href":"https:\/\/api.w.org\/{rel}","templated":true}]}}