{"id":925218,"date":"2026-04-10T09:06:03","date_gmt":"2026-04-10T06:06:03","guid":{"rendered":"https:\/\/ventspils.citro.lv\/veikals\/desa-doktora-ar-sieru-500g\/"},"modified":"2026-04-12T14:07:31","modified_gmt":"2026-04-12T11:07:31","slug":"desa-doktora-ar-sieru-500g","status":"publish","type":"product","link":"https:\/\/ventspils.citro.lv\/ru\/veikals\/desa-doktora-ar-sieru-500g\/","title":{"rendered":"Desa doktora ar sieru 500g"},"content":{"rendered":"<p>Meh\u0101niski atdal\u012bta c\u0101\u013ca ga\u013ca, \u016bdens, siers 11% (satur pienu), c\u0101\u013ca ga\u013ca, c\u016bkas \u0101das, c\u016bkas spe\u0137is, kartupe\u013cu ciete, s\u0101ls, konservants E250, stabiliz\u0113t\u0101ji \u0415407, \u0415425, E451, gar\u0161vielu ekstrakti, gar\u0161as pastiprin\u0101t\u0101js E621, antioksidants E316. Produkts var satur\u0113t sojas un sinepju da\u013ci\u0146as. Meh\u0101niski atdal\u012bta c\u0101\u013cu ga\u013cas, c\u0101\u013ca ga\u013cas, c\u016bku \u0101das un spe\u0137a izcelsme ES.<\/p>\n","protected":false},"excerpt":{"rendered":"<p>3.98 \u20ac\/kg<\/p>\n","protected":false},"featured_media":1244072,"template":"","meta":{"_acf_changed":false,"inline_featured_image":false},"product_cat":[135,144],"product_tag":[],"acf":[],"aioseo_notices":[],"_links":{"self":[{"href":"https:\/\/ventspils.citro.lv\/ru\/wp-json\/wp\/v2\/product\/925218"}],"collection":[{"href":"https:\/\/ventspils.citro.lv\/ru\/wp-json\/wp\/v2\/product"}],"about":[{"href":"https:\/\/ventspils.citro.lv\/ru\/wp-json\/wp\/v2\/types\/product"}],"wp:featuredmedia":[{"embeddable":true,"href":"https:\/\/ventspils.citro.lv\/ru\/wp-json\/wp\/v2\/media\/1244072"}],"wp:attachment":[{"href":"https:\/\/ventspils.citro.lv\/ru\/wp-json\/wp\/v2\/media?parent=925218"}],"wp:term":[{"taxonomy":"product_cat","embeddable":true,"href":"https:\/\/ventspils.citro.lv\/ru\/wp-json\/wp\/v2\/product_cat?post=925218"},{"taxonomy":"product_tag","embeddable":true,"href":"https:\/\/ventspils.citro.lv\/ru\/wp-json\/wp\/v2\/product_tag?post=925218"}],"curies":[{"name":"wp","href":"https:\/\/api.w.org\/{rel}","templated":true}]}}