{"id":925210,"date":"2026-04-28T04:27:37","date_gmt":"2026-04-28T01:27:37","guid":{"rendered":"https:\/\/ventspils.citro.lv\/veikals\/maize-gardmaize-sencu-ar-kimenem-500g\/"},"modified":"2026-04-28T04:27:43","modified_gmt":"2026-04-28T01:27:43","slug":"maize-gardmaize-sencu-ar-kimenem-500g","status":"publish","type":"product","link":"https:\/\/ventspils.citro.lv\/ru\/veikals\/maize-gardmaize-sencu-ar-kimenem-500g\/","title":{"rendered":"Maize Gardmaize Se\u0146\u010du ar \u0137imen\u0113m 500g"},"content":{"rendered":"","protected":false},"excerpt":{"rendered":"<p>4.58 \u20ac\/kg<\/p>\n","protected":false},"featured_media":1254571,"template":"","meta":{"_acf_changed":false,"inline_featured_image":false},"product_cat":[541,215],"product_tag":[],"acf":[],"aioseo_notices":[],"_links":{"self":[{"href":"https:\/\/ventspils.citro.lv\/ru\/wp-json\/wp\/v2\/product\/925210"}],"collection":[{"href":"https:\/\/ventspils.citro.lv\/ru\/wp-json\/wp\/v2\/product"}],"about":[{"href":"https:\/\/ventspils.citro.lv\/ru\/wp-json\/wp\/v2\/types\/product"}],"wp:featuredmedia":[{"embeddable":true,"href":"https:\/\/ventspils.citro.lv\/ru\/wp-json\/wp\/v2\/media\/1254571"}],"wp:attachment":[{"href":"https:\/\/ventspils.citro.lv\/ru\/wp-json\/wp\/v2\/media?parent=925210"}],"wp:term":[{"taxonomy":"product_cat","embeddable":true,"href":"https:\/\/ventspils.citro.lv\/ru\/wp-json\/wp\/v2\/product_cat?post=925210"},{"taxonomy":"product_tag","embeddable":true,"href":"https:\/\/ventspils.citro.lv\/ru\/wp-json\/wp\/v2\/product_tag?post=925210"}],"curies":[{"name":"wp","href":"https:\/\/api.w.org\/{rel}","templated":true}]}}