{"id":924662,"date":"2026-03-27T11:12:02","date_gmt":"2026-03-27T09:12:02","guid":{"rendered":"https:\/\/ventspils.citro.lv\/veikals\/saldejums-mini-melts-bubble-gum-150ml-100g\/"},"modified":"2026-04-04T12:24:24","modified_gmt":"2026-04-04T09:24:24","slug":"saldejums-mini-melts-bubble-gum-150ml-100g","status":"publish","type":"product","link":"https:\/\/ventspils.citro.lv\/ru\/veikals\/saldejums-mini-melts-bubble-gum-150ml-100g\/","title":{"rendered":"Sald\u0113jums Mini Melts bubble gum 150ml\/100g"},"content":{"rendered":"<p>PIENS, SVIESTS, cukurs, V\u0100JPIENA pulveris, maltodekstr\u012bns, glikozes s\u012brups, emulgators: tauksk\u0101bju monoglicer\u012bdi un diglicer\u012bdi; stabiliz\u0113t\u0101ji: gu\u0101ra sve\u0137i, tara sve\u0137i, ksant\u0101na sve\u0137i, karagin\u0101ns; modific\u0113ta ciete, dekstroze, aromatiz\u0113t\u0101js: bubble gum; kr\u0101svielas: spirul\u012bna koncentr\u0101ts, bie\u0161u sulas koncentr\u0101ts, vara hlorofil\u012bni, beta karot\u012bns; saldin\u0101t\u0101js: sukraloze.<\/p>\n","protected":false},"excerpt":{"rendered":"<p>24.90 \u20ac\/kg<\/p>\n","protected":false},"featured_media":1236738,"template":"","meta":{"_acf_changed":false,"inline_featured_image":false},"product_cat":[233,555],"product_tag":[],"acf":[],"aioseo_notices":[],"_links":{"self":[{"href":"https:\/\/ventspils.citro.lv\/ru\/wp-json\/wp\/v2\/product\/924662"}],"collection":[{"href":"https:\/\/ventspils.citro.lv\/ru\/wp-json\/wp\/v2\/product"}],"about":[{"href":"https:\/\/ventspils.citro.lv\/ru\/wp-json\/wp\/v2\/types\/product"}],"wp:featuredmedia":[{"embeddable":true,"href":"https:\/\/ventspils.citro.lv\/ru\/wp-json\/wp\/v2\/media\/1236738"}],"wp:attachment":[{"href":"https:\/\/ventspils.citro.lv\/ru\/wp-json\/wp\/v2\/media?parent=924662"}],"wp:term":[{"taxonomy":"product_cat","embeddable":true,"href":"https:\/\/ventspils.citro.lv\/ru\/wp-json\/wp\/v2\/product_cat?post=924662"},{"taxonomy":"product_tag","embeddable":true,"href":"https:\/\/ventspils.citro.lv\/ru\/wp-json\/wp\/v2\/product_tag?post=924662"}],"curies":[{"name":"wp","href":"https:\/\/api.w.org\/{rel}","templated":true}]}}