{"id":92298,"date":"2026-04-10T05:55:00","date_gmt":"2026-04-10T02:55:00","guid":{"rendered":"https:\/\/ventspils.citro.lv\/veikals\/putra-griku-activus-atri-pagat-ar-vistas-garsu-70g\/"},"modified":"2026-04-10T05:55:05","modified_gmt":"2026-04-10T02:55:05","slug":"putra-griku-activus-atri-pagat-ar-vistas-garsu-70g","status":"publish","type":"product","link":"https:\/\/ventspils.citro.lv\/ru\/veikals\/putra-griku-activus-atri-pagat-ar-vistas-garsu-70g\/","title":{"rendered":"Putra gri\u0137u Activus \u0101tri pagat. ar vistas gar\u0161u 70g"},"content":{"rendered":"","protected":false},"excerpt":{"rendered":"<p>14.14 \u20ac\/kg<\/p>\n","protected":false},"featured_media":1243229,"template":"","meta":{"_acf_changed":false,"inline_featured_image":false},"product_cat":[118,123],"product_tag":[],"acf":[],"aioseo_notices":[],"_links":{"self":[{"href":"https:\/\/ventspils.citro.lv\/ru\/wp-json\/wp\/v2\/product\/92298"}],"collection":[{"href":"https:\/\/ventspils.citro.lv\/ru\/wp-json\/wp\/v2\/product"}],"about":[{"href":"https:\/\/ventspils.citro.lv\/ru\/wp-json\/wp\/v2\/types\/product"}],"wp:featuredmedia":[{"embeddable":true,"href":"https:\/\/ventspils.citro.lv\/ru\/wp-json\/wp\/v2\/media\/1243229"}],"wp:attachment":[{"href":"https:\/\/ventspils.citro.lv\/ru\/wp-json\/wp\/v2\/media?parent=92298"}],"wp:term":[{"taxonomy":"product_cat","embeddable":true,"href":"https:\/\/ventspils.citro.lv\/ru\/wp-json\/wp\/v2\/product_cat?post=92298"},{"taxonomy":"product_tag","embeddable":true,"href":"https:\/\/ventspils.citro.lv\/ru\/wp-json\/wp\/v2\/product_tag?post=92298"}],"curies":[{"name":"wp","href":"https:\/\/api.w.org\/{rel}","templated":true}]}}