{"id":9184,"date":"2026-03-25T03:33:39","date_gmt":"2026-03-25T01:33:39","guid":{"rendered":"https:\/\/eveikals.citro.lv\/ventspils\/veikals\/kukuruzas-nujinas-draugu-saldas-130g\/"},"modified":"2026-03-25T03:34:02","modified_gmt":"2026-03-25T01:34:02","slug":"kukuruzas-nujinas-draugu-saldas-130g","status":"publish","type":"product","link":"https:\/\/ventspils.citro.lv\/ru\/veikals\/kukuruzas-nujinas-draugu-saldas-130g\/","title":{"rendered":"Kukur\u016bzas n\u016bji\u0146as Draugu sald\u0101s 130g"},"content":{"rendered":"","protected":false},"excerpt":{"rendered":"<p>11.92 \u20ac\/kg<\/p>\n","protected":false},"featured_media":1231494,"template":"","meta":{"_acf_changed":false,"inline_featured_image":false},"product_cat":[228,125],"product_tag":[],"acf":[],"aioseo_notices":[],"_links":{"self":[{"href":"https:\/\/ventspils.citro.lv\/ru\/wp-json\/wp\/v2\/product\/9184"}],"collection":[{"href":"https:\/\/ventspils.citro.lv\/ru\/wp-json\/wp\/v2\/product"}],"about":[{"href":"https:\/\/ventspils.citro.lv\/ru\/wp-json\/wp\/v2\/types\/product"}],"wp:featuredmedia":[{"embeddable":true,"href":"https:\/\/ventspils.citro.lv\/ru\/wp-json\/wp\/v2\/media\/1231494"}],"wp:attachment":[{"href":"https:\/\/ventspils.citro.lv\/ru\/wp-json\/wp\/v2\/media?parent=9184"}],"wp:term":[{"taxonomy":"product_cat","embeddable":true,"href":"https:\/\/ventspils.citro.lv\/ru\/wp-json\/wp\/v2\/product_cat?post=9184"},{"taxonomy":"product_tag","embeddable":true,"href":"https:\/\/ventspils.citro.lv\/ru\/wp-json\/wp\/v2\/product_tag?post=9184"}],"curies":[{"name":"wp","href":"https:\/\/api.w.org\/{rel}","templated":true}]}}