{"id":9164,"date":"2026-04-24T04:52:10","date_gmt":"2026-04-24T01:52:10","guid":{"rendered":"https:\/\/eveikals.citro.lv\/ventspils\/veikals\/bariba-suniem-pedegree-gala-maisins-100g\/"},"modified":"2026-04-24T04:52:22","modified_gmt":"2026-04-24T01:52:22","slug":"bariba-suniem-pedigree-gala-maisins-100g","status":"publish","type":"product","link":"https:\/\/ventspils.citro.lv\/ru\/veikals\/bariba-suniem-pedigree-gala-maisins-100g\/","title":{"rendered":"Bar\u012bba su\u0146iem Pedigree ga\u013ca (maisi\u0146\u0161) 100g"},"content":{"rendered":"","protected":false},"excerpt":{"rendered":"<p>7.70 \u20ac\/kg<\/p>\n","protected":false},"featured_media":1251619,"template":"","meta":{"_acf_changed":false,"inline_featured_image":false},"product_cat":[617,153],"product_tag":[],"acf":[],"aioseo_notices":[],"_links":{"self":[{"href":"https:\/\/ventspils.citro.lv\/ru\/wp-json\/wp\/v2\/product\/9164"}],"collection":[{"href":"https:\/\/ventspils.citro.lv\/ru\/wp-json\/wp\/v2\/product"}],"about":[{"href":"https:\/\/ventspils.citro.lv\/ru\/wp-json\/wp\/v2\/types\/product"}],"wp:featuredmedia":[{"embeddable":true,"href":"https:\/\/ventspils.citro.lv\/ru\/wp-json\/wp\/v2\/media\/1251619"}],"wp:attachment":[{"href":"https:\/\/ventspils.citro.lv\/ru\/wp-json\/wp\/v2\/media?parent=9164"}],"wp:term":[{"taxonomy":"product_cat","embeddable":true,"href":"https:\/\/ventspils.citro.lv\/ru\/wp-json\/wp\/v2\/product_cat?post=9164"},{"taxonomy":"product_tag","embeddable":true,"href":"https:\/\/ventspils.citro.lv\/ru\/wp-json\/wp\/v2\/product_tag?post=9164"}],"curies":[{"name":"wp","href":"https:\/\/api.w.org\/{rel}","templated":true}]}}