{"id":915334,"date":"2026-05-08T04:03:02","date_gmt":"2026-05-08T01:03:02","guid":{"rendered":"https:\/\/ventspils.citro.lv\/veikals\/sokolade-piena-geisha-crispy-dream-100g\/"},"modified":"2026-05-08T04:03:07","modified_gmt":"2026-05-08T01:03:07","slug":"sokolade-piena-geisha-crispy-dream-100g","status":"publish","type":"product","link":"https:\/\/ventspils.citro.lv\/ru\/veikals\/sokolade-piena-geisha-crispy-dream-100g\/","title":{"rendered":"\u0160okol\u0101de piena Geisha Crispy Dream 100g"},"content":{"rendered":"<p>cukurs, PIENS, kakao sviests, LAZDU RIEKSTI (10%), kakao masa, PIENA pulveris, saus\u0101s pani\u0146as, r\u012bsi, emulgators (SOJAS lecit\u012bns), s\u0101ls, aromatiz\u0113t\u0101ji, iesala ekstrakts (no MIE\u017dIEM), KVIE\u0160U milti, kukur\u016bzas ciete, saulespu\u0137u e\u013cla.<\/p>\n","protected":false},"excerpt":{"rendered":"<p>18.90 \u20ac\/kg<\/p>\n","protected":false},"featured_media":1257890,"template":"","meta":{"_acf_changed":false,"inline_featured_image":false},"product_cat":[547,125],"product_tag":[],"acf":[],"aioseo_notices":[],"_links":{"self":[{"href":"https:\/\/ventspils.citro.lv\/ru\/wp-json\/wp\/v2\/product\/915334"}],"collection":[{"href":"https:\/\/ventspils.citro.lv\/ru\/wp-json\/wp\/v2\/product"}],"about":[{"href":"https:\/\/ventspils.citro.lv\/ru\/wp-json\/wp\/v2\/types\/product"}],"wp:featuredmedia":[{"embeddable":true,"href":"https:\/\/ventspils.citro.lv\/ru\/wp-json\/wp\/v2\/media\/1257890"}],"wp:attachment":[{"href":"https:\/\/ventspils.citro.lv\/ru\/wp-json\/wp\/v2\/media?parent=915334"}],"wp:term":[{"taxonomy":"product_cat","embeddable":true,"href":"https:\/\/ventspils.citro.lv\/ru\/wp-json\/wp\/v2\/product_cat?post=915334"},{"taxonomy":"product_tag","embeddable":true,"href":"https:\/\/ventspils.citro.lv\/ru\/wp-json\/wp\/v2\/product_tag?post=915334"}],"curies":[{"name":"wp","href":"https:\/\/api.w.org\/{rel}","templated":true}]}}