{"id":915322,"date":"2026-02-28T02:33:52","date_gmt":"2026-02-28T00:33:52","guid":{"rendered":"https:\/\/ventspils.citro.lv\/veikals\/very-berry-dabiga-dzervenu-sula-0-33l\/"},"modified":"2026-02-28T02:34:03","modified_gmt":"2026-02-28T00:34:03","slug":"very-berry-dabiga-dzervenu-sula-0-33l","status":"publish","type":"product","link":"https:\/\/ventspils.citro.lv\/ru\/veikals\/very-berry-dabiga-dzervenu-sula-0-33l\/","title":{"rendered":"Very Berry dab\u012bg\u0101 dz\u0113rve\u0146u sula 0.33l"},"content":{"rendered":"","protected":false},"excerpt":{"rendered":"<p>10.88 \u20ac\/l<\/p>\n","protected":false},"featured_media":1219733,"template":"","meta":{"_acf_changed":false,"inline_featured_image":false},"product_cat":[106,124],"product_tag":[],"acf":[],"aioseo_notices":[],"_links":{"self":[{"href":"https:\/\/ventspils.citro.lv\/ru\/wp-json\/wp\/v2\/product\/915322"}],"collection":[{"href":"https:\/\/ventspils.citro.lv\/ru\/wp-json\/wp\/v2\/product"}],"about":[{"href":"https:\/\/ventspils.citro.lv\/ru\/wp-json\/wp\/v2\/types\/product"}],"wp:featuredmedia":[{"embeddable":true,"href":"https:\/\/ventspils.citro.lv\/ru\/wp-json\/wp\/v2\/media\/1219733"}],"wp:attachment":[{"href":"https:\/\/ventspils.citro.lv\/ru\/wp-json\/wp\/v2\/media?parent=915322"}],"wp:term":[{"taxonomy":"product_cat","embeddable":true,"href":"https:\/\/ventspils.citro.lv\/ru\/wp-json\/wp\/v2\/product_cat?post=915322"},{"taxonomy":"product_tag","embeddable":true,"href":"https:\/\/ventspils.citro.lv\/ru\/wp-json\/wp\/v2\/product_tag?post=915322"}],"curies":[{"name":"wp","href":"https:\/\/api.w.org\/{rel}","templated":true}]}}