{"id":915303,"date":"2026-04-24T10:12:46","date_gmt":"2026-04-24T07:12:46","guid":{"rendered":"https:\/\/ventspils.citro.lv\/veikals\/sokolade-laima-poraina-tumsa-lukss-70-60g\/"},"modified":"2026-04-24T10:12:57","modified_gmt":"2026-04-24T07:12:57","slug":"sokolade-laima-poraina-tumsa-lukss-70-60g","status":"publish","type":"product","link":"https:\/\/ventspils.citro.lv\/ru\/veikals\/sokolade-laima-poraina-tumsa-lukss-70-60g\/","title":{"rendered":"\u0160okol\u0101de Laima porain\u0101 tum\u0161\u0101 Lukss  70% 60g"},"content":{"rendered":"","protected":false},"excerpt":{"rendered":"<p>49.83 \u20ac\/kg<\/p>\n","protected":false},"featured_media":1253023,"template":"","meta":{"_acf_changed":false,"inline_featured_image":false},"product_cat":[547,125],"product_tag":[],"acf":[],"aioseo_notices":[],"_links":{"self":[{"href":"https:\/\/ventspils.citro.lv\/ru\/wp-json\/wp\/v2\/product\/915303"}],"collection":[{"href":"https:\/\/ventspils.citro.lv\/ru\/wp-json\/wp\/v2\/product"}],"about":[{"href":"https:\/\/ventspils.citro.lv\/ru\/wp-json\/wp\/v2\/types\/product"}],"wp:featuredmedia":[{"embeddable":true,"href":"https:\/\/ventspils.citro.lv\/ru\/wp-json\/wp\/v2\/media\/1253023"}],"wp:attachment":[{"href":"https:\/\/ventspils.citro.lv\/ru\/wp-json\/wp\/v2\/media?parent=915303"}],"wp:term":[{"taxonomy":"product_cat","embeddable":true,"href":"https:\/\/ventspils.citro.lv\/ru\/wp-json\/wp\/v2\/product_cat?post=915303"},{"taxonomy":"product_tag","embeddable":true,"href":"https:\/\/ventspils.citro.lv\/ru\/wp-json\/wp\/v2\/product_tag?post=915303"}],"curies":[{"name":"wp","href":"https:\/\/api.w.org\/{rel}","templated":true}]}}