{"id":915302,"date":"2026-02-28T02:30:15","date_gmt":"2026-02-28T00:30:15","guid":{"rendered":"https:\/\/ventspils.citro.lv\/veikals\/very-berry-smiltserksku-sula-100-0-33l\/"},"modified":"2026-02-28T02:30:26","modified_gmt":"2026-02-28T00:30:26","slug":"very-berry-smiltserksku-sula-100-0-33l","status":"publish","type":"product","link":"https:\/\/ventspils.citro.lv\/ru\/veikals\/very-berry-smiltserksku-sula-100-0-33l\/","title":{"rendered":"Very Berry smilts\u0113rk\u0161\u0137u sula 100% 0.33l"},"content":{"rendered":"","protected":false},"excerpt":{"rendered":"<p>11.79 \u20ac\/l<\/p>\n","protected":false},"featured_media":1219715,"template":"","meta":{"_acf_changed":false,"inline_featured_image":false},"product_cat":[106,124],"product_tag":[],"acf":[],"aioseo_notices":[],"_links":{"self":[{"href":"https:\/\/ventspils.citro.lv\/ru\/wp-json\/wp\/v2\/product\/915302"}],"collection":[{"href":"https:\/\/ventspils.citro.lv\/ru\/wp-json\/wp\/v2\/product"}],"about":[{"href":"https:\/\/ventspils.citro.lv\/ru\/wp-json\/wp\/v2\/types\/product"}],"wp:featuredmedia":[{"embeddable":true,"href":"https:\/\/ventspils.citro.lv\/ru\/wp-json\/wp\/v2\/media\/1219715"}],"wp:attachment":[{"href":"https:\/\/ventspils.citro.lv\/ru\/wp-json\/wp\/v2\/media?parent=915302"}],"wp:term":[{"taxonomy":"product_cat","embeddable":true,"href":"https:\/\/ventspils.citro.lv\/ru\/wp-json\/wp\/v2\/product_cat?post=915302"},{"taxonomy":"product_tag","embeddable":true,"href":"https:\/\/ventspils.citro.lv\/ru\/wp-json\/wp\/v2\/product_tag?post=915302"}],"curies":[{"name":"wp","href":"https:\/\/api.w.org\/{rel}","templated":true}]}}