{"id":9149,"date":"2026-05-12T03:57:31","date_gmt":"2026-05-12T00:57:31","guid":{"rendered":"https:\/\/eveikals.citro.lv\/ventspils\/veikals\/kaposti-stoveti-500g-pacinas\/"},"modified":"2026-05-12T03:57:41","modified_gmt":"2026-05-12T00:57:41","slug":"kaposti-stoveti-500g-pacinas","status":"publish","type":"product","link":"https:\/\/ventspils.citro.lv\/ru\/veikals\/kaposti-stoveti-500g-pacinas\/","title":{"rendered":"K\u0101posti \u0161tov\u0113ti 500g paci\u0146as"},"content":{"rendered":"","protected":false},"excerpt":{"rendered":"<p>4.30 \u20ac\/kg<\/p>\n","protected":false},"featured_media":1258714,"template":"","meta":{"_acf_changed":false,"inline_featured_image":false},"product_cat":[97,159],"product_tag":[],"acf":[],"aioseo_notices":[],"_links":{"self":[{"href":"https:\/\/ventspils.citro.lv\/ru\/wp-json\/wp\/v2\/product\/9149"}],"collection":[{"href":"https:\/\/ventspils.citro.lv\/ru\/wp-json\/wp\/v2\/product"}],"about":[{"href":"https:\/\/ventspils.citro.lv\/ru\/wp-json\/wp\/v2\/types\/product"}],"wp:featuredmedia":[{"embeddable":true,"href":"https:\/\/ventspils.citro.lv\/ru\/wp-json\/wp\/v2\/media\/1258714"}],"wp:attachment":[{"href":"https:\/\/ventspils.citro.lv\/ru\/wp-json\/wp\/v2\/media?parent=9149"}],"wp:term":[{"taxonomy":"product_cat","embeddable":true,"href":"https:\/\/ventspils.citro.lv\/ru\/wp-json\/wp\/v2\/product_cat?post=9149"},{"taxonomy":"product_tag","embeddable":true,"href":"https:\/\/ventspils.citro.lv\/ru\/wp-json\/wp\/v2\/product_tag?post=9149"}],"curies":[{"name":"wp","href":"https:\/\/api.w.org\/{rel}","templated":true}]}}