{"id":9140,"date":"2026-04-10T04:12:26","date_gmt":"2026-04-10T01:12:26","guid":{"rendered":"https:\/\/eveikals.citro.lv\/ventspils\/veikals\/sokolade-karsta-la-festa-250g\/"},"modified":"2026-05-02T10:03:32","modified_gmt":"2026-05-02T07:03:32","slug":"sokolade-karsta-la-festa-250g","status":"publish","type":"product","link":"https:\/\/ventspils.citro.lv\/ru\/veikals\/sokolade-karsta-la-festa-250g\/","title":{"rendered":"\u0160okol\u0101de karst\u0101 La Festa 250g"},"content":{"rendered":"","protected":false},"excerpt":{"rendered":"<p>10.60 \u20ac\/kg<\/p>\n","protected":false},"featured_media":1242784,"template":"","meta":{"_acf_changed":false,"inline_featured_image":false},"product_cat":[551,142],"product_tag":[],"acf":[],"aioseo_notices":[],"_links":{"self":[{"href":"https:\/\/ventspils.citro.lv\/ru\/wp-json\/wp\/v2\/product\/9140"}],"collection":[{"href":"https:\/\/ventspils.citro.lv\/ru\/wp-json\/wp\/v2\/product"}],"about":[{"href":"https:\/\/ventspils.citro.lv\/ru\/wp-json\/wp\/v2\/types\/product"}],"wp:featuredmedia":[{"embeddable":true,"href":"https:\/\/ventspils.citro.lv\/ru\/wp-json\/wp\/v2\/media\/1242784"}],"wp:attachment":[{"href":"https:\/\/ventspils.citro.lv\/ru\/wp-json\/wp\/v2\/media?parent=9140"}],"wp:term":[{"taxonomy":"product_cat","embeddable":true,"href":"https:\/\/ventspils.citro.lv\/ru\/wp-json\/wp\/v2\/product_cat?post=9140"},{"taxonomy":"product_tag","embeddable":true,"href":"https:\/\/ventspils.citro.lv\/ru\/wp-json\/wp\/v2\/product_tag?post=9140"}],"curies":[{"name":"wp","href":"https:\/\/api.w.org\/{rel}","templated":true}]}}