{"id":9136,"date":"2026-03-27T04:51:53","date_gmt":"2026-03-27T02:51:53","guid":{"rendered":"https:\/\/eveikals.citro.lv\/ventspils\/veikals\/kafija-skistosa-aroma-gold-200g\/"},"modified":"2026-03-27T04:52:05","modified_gmt":"2026-03-27T02:52:05","slug":"kafija-skistosa-aroma-gold-200g","status":"publish","type":"product","link":"https:\/\/ventspils.citro.lv\/ru\/veikals\/kafija-skistosa-aroma-gold-200g\/","title":{"rendered":"Kafija \u0161\u0137\u012bsto\u0161\u0101 Aroma Gold 200g"},"content":{"rendered":"<p>100% \u0161\u0137\u012bsto\u0161a kafija<\/p>\n","protected":false},"excerpt":{"rendered":"<p>44.95 \u20ac\/kg<\/p>\n","protected":false},"featured_media":1235255,"template":"","meta":{"_acf_changed":false,"inline_featured_image":false},"product_cat":[538,142],"product_tag":[],"acf":[],"aioseo_notices":[],"_links":{"self":[{"href":"https:\/\/ventspils.citro.lv\/ru\/wp-json\/wp\/v2\/product\/9136"}],"collection":[{"href":"https:\/\/ventspils.citro.lv\/ru\/wp-json\/wp\/v2\/product"}],"about":[{"href":"https:\/\/ventspils.citro.lv\/ru\/wp-json\/wp\/v2\/types\/product"}],"wp:featuredmedia":[{"embeddable":true,"href":"https:\/\/ventspils.citro.lv\/ru\/wp-json\/wp\/v2\/media\/1235255"}],"wp:attachment":[{"href":"https:\/\/ventspils.citro.lv\/ru\/wp-json\/wp\/v2\/media?parent=9136"}],"wp:term":[{"taxonomy":"product_cat","embeddable":true,"href":"https:\/\/ventspils.citro.lv\/ru\/wp-json\/wp\/v2\/product_cat?post=9136"},{"taxonomy":"product_tag","embeddable":true,"href":"https:\/\/ventspils.citro.lv\/ru\/wp-json\/wp\/v2\/product_tag?post=9136"}],"curies":[{"name":"wp","href":"https:\/\/api.w.org\/{rel}","templated":true}]}}