{"id":913569,"date":"2026-04-24T10:30:03","date_gmt":"2026-04-24T07:30:03","guid":{"rendered":"https:\/\/ventspils.citro.lv\/veikals\/biezenis-spilva-abolu-originalais-300g\/"},"modified":"2026-04-24T10:30:08","modified_gmt":"2026-04-24T07:30:08","slug":"biezenis-spilva-abolu-originalais-300g","status":"publish","type":"product","link":"https:\/\/ventspils.citro.lv\/ru\/veikals\/biezenis-spilva-abolu-originalais-300g\/","title":{"rendered":"Biezenis Spilva \u0101bolu ori\u0123in\u0101lais 300g"},"content":{"rendered":"","protected":false},"excerpt":{"rendered":"<p>3.63 \u20ac\/kg<\/p>\n","protected":false},"featured_media":1253088,"template":"","meta":{"_acf_changed":false,"inline_featured_image":false},"product_cat":[103,193],"product_tag":[],"acf":[],"aioseo_notices":[],"_links":{"self":[{"href":"https:\/\/ventspils.citro.lv\/ru\/wp-json\/wp\/v2\/product\/913569"}],"collection":[{"href":"https:\/\/ventspils.citro.lv\/ru\/wp-json\/wp\/v2\/product"}],"about":[{"href":"https:\/\/ventspils.citro.lv\/ru\/wp-json\/wp\/v2\/types\/product"}],"wp:featuredmedia":[{"embeddable":true,"href":"https:\/\/ventspils.citro.lv\/ru\/wp-json\/wp\/v2\/media\/1253088"}],"wp:attachment":[{"href":"https:\/\/ventspils.citro.lv\/ru\/wp-json\/wp\/v2\/media?parent=913569"}],"wp:term":[{"taxonomy":"product_cat","embeddable":true,"href":"https:\/\/ventspils.citro.lv\/ru\/wp-json\/wp\/v2\/product_cat?post=913569"},{"taxonomy":"product_tag","embeddable":true,"href":"https:\/\/ventspils.citro.lv\/ru\/wp-json\/wp\/v2\/product_tag?post=913569"}],"curies":[{"name":"wp","href":"https:\/\/api.w.org\/{rel}","templated":true}]}}