{"id":9135,"date":"2026-03-27T04:51:42","date_gmt":"2026-03-27T02:51:42","guid":{"rendered":"https:\/\/eveikals.citro.lv\/ventspils\/veikals\/bariba-suniem-pedigree-dentastix-small-kaulins-3gb\/"},"modified":"2026-03-27T04:51:46","modified_gmt":"2026-03-27T02:51:46","slug":"bariba-suniem-pedigree-dentastix-small-kaulins-3gb","status":"publish","type":"product","link":"https:\/\/ventspils.citro.lv\/ru\/veikals\/bariba-suniem-pedigree-dentastix-small-kaulins-3gb\/","title":{"rendered":"Bar\u012bba su\u0146iem Pedigree Dentastix Small kauli\u0146\u0161 3gb"},"content":{"rendered":"","protected":false},"excerpt":{"rendered":"<p>19.35 \u20ac\/kg<\/p>\n","protected":false},"featured_media":1235251,"template":"","meta":{"_acf_changed":false,"inline_featured_image":false},"product_cat":[616,153],"product_tag":[],"acf":[],"aioseo_notices":[],"_links":{"self":[{"href":"https:\/\/ventspils.citro.lv\/ru\/wp-json\/wp\/v2\/product\/9135"}],"collection":[{"href":"https:\/\/ventspils.citro.lv\/ru\/wp-json\/wp\/v2\/product"}],"about":[{"href":"https:\/\/ventspils.citro.lv\/ru\/wp-json\/wp\/v2\/types\/product"}],"wp:featuredmedia":[{"embeddable":true,"href":"https:\/\/ventspils.citro.lv\/ru\/wp-json\/wp\/v2\/media\/1235251"}],"wp:attachment":[{"href":"https:\/\/ventspils.citro.lv\/ru\/wp-json\/wp\/v2\/media?parent=9135"}],"wp:term":[{"taxonomy":"product_cat","embeddable":true,"href":"https:\/\/ventspils.citro.lv\/ru\/wp-json\/wp\/v2\/product_cat?post=9135"},{"taxonomy":"product_tag","embeddable":true,"href":"https:\/\/ventspils.citro.lv\/ru\/wp-json\/wp\/v2\/product_tag?post=9135"}],"curies":[{"name":"wp","href":"https:\/\/api.w.org\/{rel}","templated":true}]}}