{"id":9128,"date":"2026-03-27T04:48:37","date_gmt":"2026-03-27T02:48:37","guid":{"rendered":"https:\/\/eveikals.citro.lv\/ventspils\/veikals\/cepumi-gotina-ar-karsetu-piena-garsu\/"},"modified":"2026-03-27T04:48:43","modified_gmt":"2026-03-27T02:48:43","slug":"cepumi-gotina-ar-karsetu-piena-garsu","status":"publish","type":"product","link":"https:\/\/ventspils.citro.lv\/ru\/veikals\/cepumi-gotina-ar-karsetu-piena-garsu\/","title":{"rendered":"Cepumi Goti\u0146a ar kars\u0113tu piena gar\u0161u"},"content":{"rendered":"<p>Sast\u0101vda\u013cas: KVIE\u0160U milti (59%), p\u016bdercukurs, rafin\u0113ta dezodor\u0113ta palmu e\u013c\u013ca, kukur\u016bzas ciete, inverts\u012brups (cukurs, sk\u0101buma regulatori: n\u0101trija karbon\u0101ti, citronsk\u0101be), emulgators: SOJAS lecit\u012bns, m\u012bklas cel\u0161anas materi\u0101ls: n\u0101trija karbon\u0101ti, s\u0101ls, amonija karbon\u0101ti, smar\u017evielas: &#171;silts piens&#187;, vanil\u012bns. Uztur\u0113\u0161anas temperat\u016bra: 18+\/-5C. 100g produkta uzturv\u0113rt\u012bba: ener\u0123\u0113tisk\u0101 v\u0113rt\u012bba 1770kJ\/423kcal, tauki 13,5g, tostarp pies\u0101tin\u0101t\u0101s tauksk\u0101bes 6g, og\u013chidr\u0101ti 68,7g, tostarp cukurs 21,1g, olbaltumvielas 6,7g, s\u0101ls 0,45g.<\/p>\n","protected":false},"excerpt":{"rendered":"<p>4.99 \u20ac\/kg<\/p>\n","protected":false},"featured_media":1235239,"template":"","meta":{"_acf_changed":false,"inline_featured_image":false},"product_cat":[125,139],"product_tag":[],"acf":[],"aioseo_notices":[],"_links":{"self":[{"href":"https:\/\/ventspils.citro.lv\/ru\/wp-json\/wp\/v2\/product\/9128"}],"collection":[{"href":"https:\/\/ventspils.citro.lv\/ru\/wp-json\/wp\/v2\/product"}],"about":[{"href":"https:\/\/ventspils.citro.lv\/ru\/wp-json\/wp\/v2\/types\/product"}],"wp:featuredmedia":[{"embeddable":true,"href":"https:\/\/ventspils.citro.lv\/ru\/wp-json\/wp\/v2\/media\/1235239"}],"wp:attachment":[{"href":"https:\/\/ventspils.citro.lv\/ru\/wp-json\/wp\/v2\/media?parent=9128"}],"wp:term":[{"taxonomy":"product_cat","embeddable":true,"href":"https:\/\/ventspils.citro.lv\/ru\/wp-json\/wp\/v2\/product_cat?post=9128"},{"taxonomy":"product_tag","embeddable":true,"href":"https:\/\/ventspils.citro.lv\/ru\/wp-json\/wp\/v2\/product_tag?post=9128"}],"curies":[{"name":"wp","href":"https:\/\/api.w.org\/{rel}","templated":true}]}}