{"id":910968,"date":"2026-04-30T02:49:02","date_gmt":"2026-04-29T23:49:02","guid":{"rendered":"https:\/\/ventspils.citro.lv\/veikals\/bariba-suniem-friskies-galas-izlase-4x85g\/"},"modified":"2026-04-30T02:49:12","modified_gmt":"2026-04-29T23:49:12","slug":"bariba-suniem-friskies-galas-izlase-4x85g","status":"publish","type":"product","link":"https:\/\/ventspils.citro.lv\/ru\/veikals\/bariba-suniem-friskies-galas-izlase-4x85g\/","title":{"rendered":"Bar\u012bba su\u0146iem Friskies ga\u013cas izlase 4x85g"},"content":{"rendered":"","protected":false},"excerpt":{"rendered":"<p>6.68 \u20ac\/kg<\/p>\n","protected":false},"featured_media":1255184,"template":"","meta":{"_acf_changed":false,"inline_featured_image":false},"product_cat":[617,153],"product_tag":[],"acf":[],"aioseo_notices":[],"_links":{"self":[{"href":"https:\/\/ventspils.citro.lv\/ru\/wp-json\/wp\/v2\/product\/910968"}],"collection":[{"href":"https:\/\/ventspils.citro.lv\/ru\/wp-json\/wp\/v2\/product"}],"about":[{"href":"https:\/\/ventspils.citro.lv\/ru\/wp-json\/wp\/v2\/types\/product"}],"wp:featuredmedia":[{"embeddable":true,"href":"https:\/\/ventspils.citro.lv\/ru\/wp-json\/wp\/v2\/media\/1255184"}],"wp:attachment":[{"href":"https:\/\/ventspils.citro.lv\/ru\/wp-json\/wp\/v2\/media?parent=910968"}],"wp:term":[{"taxonomy":"product_cat","embeddable":true,"href":"https:\/\/ventspils.citro.lv\/ru\/wp-json\/wp\/v2\/product_cat?post=910968"},{"taxonomy":"product_tag","embeddable":true,"href":"https:\/\/ventspils.citro.lv\/ru\/wp-json\/wp\/v2\/product_tag?post=910968"}],"curies":[{"name":"wp","href":"https:\/\/api.w.org\/{rel}","templated":true}]}}